{"id":29565,"date":"2023-11-06T14:59:17","date_gmt":"2023-11-06T13:59:17","guid":{"rendered":"https:\/\/terrepromise.be\/produit\/pure-namibia-trip\/"},"modified":"2024-04-19T23:33:22","modified_gmt":"2024-04-19T21:33:22","slug":"pure-namibia-trip","status":"publish","type":"product","link":"https:\/\/terrepromise.be\/fr\/produit\/pure-namibia-trip\/","title":{"rendered":"Namibia Trip"},"content":{"rendered":"[vc_row type=\u00a0\u00bbfull_width_background\u00a0\u00bb full_screen_row_position=\u00a0\u00bbmiddle\u00a0\u00bb column_margin=\u00a0\u00bbdefault\u00a0\u00bb column_direction=\u00a0\u00bbdefault\u00a0\u00bb column_direction_tablet=\u00a0\u00bbdefault\u00a0\u00bb column_direction_phone=\u00a0\u00bbdefault\u00a0\u00bb bg_color=\u00a0\u00bb#ffffff\u00a0\u00bb scene_position=\u00a0\u00bbcenter\u00a0\u00bb top_padding=\u00a0\u00bb5%\u00a0\u00bb bottom_padding=\u00a0\u00bb2%\u00a0\u00bb text_color=\u00a0\u00bbdark\u00a0\u00bb text_align=\u00a0\u00bbleft\u00a0\u00bb row_border_radius=\u00a0\u00bbnone\u00a0\u00bb row_border_radius_applies=\u00a0\u00bbbg\u00a0\u00bb overflow=\u00a0\u00bbvisible\u00a0\u00bb overlay_strength=\u00a0\u00bb1&Prime; gradient_direction=\u00a0\u00bbleft_to_right\u00a0\u00bb shape_divider_position=\u00a0\u00bbbottom\u00a0\u00bb bg_image_animation=\u00a0\u00bbnone\u00a0\u00bb shape_type=\u00a0\u00bb\u00a0\u00bb][vc_column column_padding=\u00a0\u00bbno-extra-padding\u00a0\u00bb column_padding_tablet=\u00a0\u00bbinherit\u00a0\u00bb column_padding_phone=\u00a0\u00bbinherit\u00a0\u00bb column_padding_position=\u00a0\u00bball\u00a0\u00bb column_element_direction_desktop=\u00a0\u00bbdefault\u00a0\u00bb column_element_spacing=\u00a0\u00bbdefault\u00a0\u00bb desktop_text_alignment=\u00a0\u00bbdefault\u00a0\u00bb tablet_text_alignment=\u00a0\u00bbdefault\u00a0\u00bb phone_text_alignment=\u00a0\u00bbdefault\u00a0\u00bb background_color_opacity=\u00a0\u00bb1&Prime; background_hover_color_opacity=\u00a0\u00bb1&Prime; column_backdrop_filter=\u00a0\u00bbnone\u00a0\u00bb column_shadow=\u00a0\u00bbnone\u00a0\u00bb column_border_radius=\u00a0\u00bbnone\u00a0\u00bb column_link_target=\u00a0\u00bb_self\u00a0\u00bb column_position=\u00a0\u00bbdefault\u00a0\u00bb gradient_direction=\u00a0\u00bbleft_to_right\u00a0\u00bb overlay_strength=\u00a0\u00bb0.3&Prime; width=\u00a0\u00bb1\/2&Prime; tablet_width_inherit=\u00a0\u00bbdefault\u00a0\u00bb animation_type=\u00a0\u00bbdefault\u00a0\u00bb enable_animation=\u00a0\u00bbtrue\u00a0\u00bb animation=\u00a0\u00bbfade-in-from-bottom\u00a0\u00bb animation_easing=\u00a0\u00bbdefault\u00a0\u00bb bg_image_animation=\u00a0\u00bbnone\u00a0\u00bb border_type=\u00a0\u00bbsimple\u00a0\u00bb column_border_width=\u00a0\u00bbnone\u00a0\u00bb column_border_style=\u00a0\u00bbsolid\u00a0\u00bb][vc_column_text css=\u00a0\u00bb.vc_custom_1700126981455{margin-bottom: 10px !important;padding-right: 10% !important;}\u00a0\u00bb]\n<h3>About the product<\/h3>\n[\/vc_column_text][divider line_type=\u00a0\u00bbNo Line\u00a0\u00bb custom_height=\u00a0\u00bb20&Prime; custom_height_phone=\u00a0\u00bb10&Prime;][vc_column_text css=\u00a0\u00bb.vc_custom_1702313952064{padding-right: 10% !important;}\u00a0\u00bb]Les \u00e9tendues d\u00e9sertiques et les nuances profondes du sable namibien inspirent cette finition riche et chaude. Elle combine des teintes rouges chaudes et terreuses qui capturent l&rsquo;essence des vastes paysages de la Namibie. Cette finition incarne la puissance et la chaleur des dunes imposantes et des terres arides de Namibie. Sa texture, quant \u00e0 elle, capture la finesse du sable rouge \u00e9rod\u00e9 par le temps et la richesse ethnique de la Namibie.<\/p>\n<p>Sa chaleur et sa richesse chromatique conviennent particuli\u00e8rement aux espaces de vie et d&rsquo;\u00e9change.[\/vc_column_text][divider line_type=\u00a0\u00bbNo Line\u00a0\u00bb custom_height=\u00a0\u00bb60&Prime; custom_height_phone=\u00a0\u00bb30&Prime;][toggles style=\u00a0\u00bbminimal_small\u00a0\u00bb accordion=\u00a0\u00bbtrue\u00a0\u00bb accordion_starting_functionality=\u00a0\u00bbclosed\u00a0\u00bb][toggle color=\u00a0\u00bbDefault\u00a0\u00bb heading_tag=\u00a0\u00bbdefault\u00a0\u00bb heading_tag_functionality=\u00a0\u00bbdefault\u00a0\u00bb title=\u00a0\u00bbPROGRAMME S\u00c9R\u00c9NIT\u00c9 DE 100 JOURS\u00a0\u00bb][vc_column_text]<span style=\"font-weight: 400;\">Nous savons que le meilleur moyen de faire le bon choix en mati\u00e8re de d\u00e9coration est d&rsquo;essayer les objets \u00e0 leur nouvel emplacement. Alors, si vous avez l&rsquo;impression que votre lampe ne s&rsquo;int\u00e8gre pas parfaitement \u00e0 votre d\u00e9coration, nous vous aiderons \u00e0 le retourner ou \u00e0 l&rsquo;\u00e9changer pendant 100 jours.<\/span>[\/vc_column_text][nectar_cta btn_style=\u00a0\u00bbarrow-animation\u00a0\u00bb heading_tag=\u00a0\u00bbh5&Prime; button_color=\u00a0\u00bbdefault\u00a0\u00bb button_border_thickness=\u00a0\u00bb0px\u00a0\u00bb link_type=\u00a0\u00bbregular\u00a0\u00bb alignment=\u00a0\u00bbleft\u00a0\u00bb alignment_tablet=\u00a0\u00bbdefault\u00a0\u00bb alignment_phone=\u00a0\u00bbdefault\u00a0\u00bb display=\u00a0\u00bbblock\u00a0\u00bb display_tablet=\u00a0\u00bbinherit\u00a0\u00bb display_phone=\u00a0\u00bbinherit\u00a0\u00bb link_text=\u00a0\u00bbD\u00e9couvrez notre programme S\u00e9r\u00e9nit\u00e9\u00a0\u00bb url=\u00a0\u00bb\/serenity-program\/\u00a0\u00bb][divider line_type=\u00a0\u00bbNo Line\u00a0\u00bb custom_height=\u00a0\u00bb60&Prime; custom_height_phone=\u00a0\u00bb30&Prime;][\/toggle][toggle color=\u00a0\u00bbDefault\u00a0\u00bb heading_tag=\u00a0\u00bbdefault\u00a0\u00bb heading_tag_functionality=\u00a0\u00bbdefault\u00a0\u00bb title=\u00a0\u00bbWhere to buy\u00a0\u00bb][vc_column_text]Would you like to see and touch our lamps? Here&rsquo;s where to find them.[\/vc_column_text][nectar_cta btn_style=\u00a0\u00bbarrow-animation\u00a0\u00bb heading_tag=\u00a0\u00bbh5&Prime; button_color=\u00a0\u00bbdefault\u00a0\u00bb button_border_thickness=\u00a0\u00bb0px\u00a0\u00bb link_type=\u00a0\u00bbregular\u00a0\u00bb alignment=\u00a0\u00bbleft\u00a0\u00bb alignment_tablet=\u00a0\u00bbdefault\u00a0\u00bb alignment_phone=\u00a0\u00bbdefault\u00a0\u00bb display=\u00a0\u00bbblock\u00a0\u00bb display_tablet=\u00a0\u00bbinherit\u00a0\u00bb display_phone=\u00a0\u00bbinherit\u00a0\u00bb link_text=\u00a0\u00bbFind a store\u00a0\u00bb][divider line_type=\u00a0\u00bbNo Line\u00a0\u00bb custom_height=\u00a0\u00bb60&Prime; custom_height_phone=\u00a0\u00bb30&Prime;][\/toggle][toggle color=\u00a0\u00bbDefault\u00a0\u00bb heading_tag=\u00a0\u00bbdefault\u00a0\u00bb heading_tag_functionality=\u00a0\u00bbdefault\u00a0\u00bb title=\u00a0\u00bbHand craft production\u00a0\u00bb][vc_column_text css=\u00a0\u00bb.vc_custom_1700129719181{padding-right: 10% !important;}\u00a0\u00bb]Our combinations of clays and aggregates from various origins, our piece-by-piece, entirely hand-made production, and the magic of high-temperature vitrification, give each piece its own personality. This means that pieces may differ slightly in size, weight, shape and color. They are all handcrafted with the utmost care and every possible effort is made for each individual piece, but small differences are inherent in artisanal lathe production. Please understand that these slight variations create the character, the beauty, and mark the difference between hand made and industrial factory made products.[\/vc_column_text][divider line_type=\u00a0\u00bbNo Line\u00a0\u00bb custom_height=\u00a0\u00bb60&Prime; custom_height_phone=\u00a0\u00bb30&Prime;][\/toggle][\/toggles][\/vc_column][vc_column column_padding=\u00a0\u00bbno-extra-padding\u00a0\u00bb column_padding_tablet=\u00a0\u00bbinherit\u00a0\u00bb column_padding_phone=\u00a0\u00bbinherit\u00a0\u00bb column_padding_position=\u00a0\u00bball\u00a0\u00bb column_element_direction_desktop=\u00a0\u00bbdefault\u00a0\u00bb column_element_spacing=\u00a0\u00bbdefault\u00a0\u00bb desktop_text_alignment=\u00a0\u00bbdefault\u00a0\u00bb tablet_text_alignment=\u00a0\u00bbdefault\u00a0\u00bb phone_text_alignment=\u00a0\u00bbdefault\u00a0\u00bb background_color_opacity=\u00a0\u00bb1&Prime; background_hover_color_opacity=\u00a0\u00bb1&Prime; column_backdrop_filter=\u00a0\u00bbnone\u00a0\u00bb column_shadow=\u00a0\u00bbnone\u00a0\u00bb column_border_radius=\u00a0\u00bbnone\u00a0\u00bb column_link_target=\u00a0\u00bb_self\u00a0\u00bb column_position=\u00a0\u00bbdefault\u00a0\u00bb gradient_direction=\u00a0\u00bbleft_to_right\u00a0\u00bb overlay_strength=\u00a0\u00bb0.3&Prime; width=\u00a0\u00bb1\/2&Prime; tablet_width_inherit=\u00a0\u00bbdefault\u00a0\u00bb animation_type=\u00a0\u00bbdefault\u00a0\u00bb bg_image_animation=\u00a0\u00bbnone\u00a0\u00bb border_type=\u00a0\u00bbsimple\u00a0\u00bb column_border_width=\u00a0\u00bbnone\u00a0\u00bb column_border_style=\u00a0\u00bbsolid\u00a0\u00bb][vc_column_text css=\u00a0\u00bb.vc_custom_1700126987922{margin-bottom: 10px !important;padding-right: 10% !important;}\u00a0\u00bb]\n<h3>Specs<\/h3>\n[\/vc_column_text][nectar_horizontal_list_item columns=\u00a0\u00bb2&Prime; column_layout_using_2_columns=\u00a0\u00bbmedium_last\u00a0\u00bb col_1_text_align=\u00a0\u00bbleft\u00a0\u00bb col_2_text_align=\u00a0\u00bbleft\u00a0\u00bb col_1_text_element=\u00a0\u00bbp\u00a0\u00bb col_2_text_element=\u00a0\u00bbh5&Prime; font_family=\u00a0\u00bbp\u00a0\u00bb hover_effect=\u00a0\u00bbnone\u00a0\u00bb icon_family=\u00a0\u00bbnone\u00a0\u00bb icon_size=\u00a0\u00bbregular\u00a0\u00bb col_1_content=\u00a0\u00bbTailles disponibles (cm)\u00a0\u00bb col_2_content=\u00a0\u00bbS : 25&#215;18 \/ M : 40&#215;28 \/ L : 55 x 38&Prime;][nectar_horizontal_list_item columns=\u00a0\u00bb2&Prime; column_layout_using_2_columns=\u00a0\u00bbmedium_last\u00a0\u00bb col_1_text_align=\u00a0\u00bbleft\u00a0\u00bb col_2_text_align=\u00a0\u00bbleft\u00a0\u00bb col_1_text_element=\u00a0\u00bbp\u00a0\u00bb col_2_text_element=\u00a0\u00bbh5&Prime; font_family=\u00a0\u00bbp\u00a0\u00bb hover_effect=\u00a0\u00bbnone\u00a0\u00bb icon_family=\u00a0\u00bbnone\u00a0\u00bb icon_size=\u00a0\u00bbregular\u00a0\u00bb col_1_content=\u00a0\u00bbAmpoules incluses\u00a0\u00bb col_2_content=\u00a0\u00bbLED G9, 3.2W, 400lm, 2700k (warm), non dimmable\u00a0\u00bb][nectar_horizontal_list_item columns=\u00a0\u00bb2&Prime; column_layout_using_2_columns=\u00a0\u00bbmedium_last\u00a0\u00bb col_1_text_align=\u00a0\u00bbleft\u00a0\u00bb col_2_text_align=\u00a0\u00bbleft\u00a0\u00bb col_1_text_element=\u00a0\u00bbp\u00a0\u00bb col_2_text_element=\u00a0\u00bbh5&Prime; font_family=\u00a0\u00bbp\u00a0\u00bb hover_effect=\u00a0\u00bbnone\u00a0\u00bb icon_family=\u00a0\u00bbnone\u00a0\u00bb icon_size=\u00a0\u00bbregular\u00a0\u00bb col_1_content=\u00a0\u00bbIndice de protection\u00a0\u00bb col_2_content=\u00a0\u00bbIP20 indoor use\u00a0\u00bb][nectar_horizontal_list_item columns=\u00a0\u00bb2&Prime; column_layout_using_2_columns=\u00a0\u00bbmedium_last\u00a0\u00bb col_1_text_align=\u00a0\u00bbleft\u00a0\u00bb col_2_text_align=\u00a0\u00bbleft\u00a0\u00bb col_1_text_element=\u00a0\u00bbp\u00a0\u00bb col_2_text_element=\u00a0\u00bbh5&Prime; font_family=\u00a0\u00bbp\u00a0\u00bb hover_effect=\u00a0\u00bbnone\u00a0\u00bb icon_family=\u00a0\u00bbnone\u00a0\u00bb icon_size=\u00a0\u00bbregular\u00a0\u00bb col_1_content=\u00a0\u00bbMat\u00e9riaux\u00a0\u00bb col_2_content=\u00a0\u00bbM\u00e9lange de gr\u00e8s d\u00e9velopp\u00e9 par Terre Promise\u00a0\u00bb][nectar_horizontal_list_item columns=\u00a0\u00bb2&Prime; column_layout_using_2_columns=\u00a0\u00bbmedium_last\u00a0\u00bb col_1_text_align=\u00a0\u00bbleft\u00a0\u00bb col_2_text_align=\u00a0\u00bbleft\u00a0\u00bb col_1_text_element=\u00a0\u00bbp\u00a0\u00bb col_2_text_element=\u00a0\u00bbh5&Prime; font_family=\u00a0\u00bbp\u00a0\u00bb hover_effect=\u00a0\u00bbnone\u00a0\u00bb icon_family=\u00a0\u00bbnone\u00a0\u00bb icon_size=\u00a0\u00bbregular\u00a0\u00bb col_1_content=\u00a0\u00bbFinitions\u00a0\u00bb col_2_content=\u00a0\u00bbLaiton et cuir\u00a0\u00bb][nectar_horizontal_list_item columns=\u00a0\u00bb2&Prime; column_layout_using_2_columns=\u00a0\u00bbmedium_last\u00a0\u00bb col_1_text_align=\u00a0\u00bbleft\u00a0\u00bb col_2_text_align=\u00a0\u00bbleft\u00a0\u00bb col_1_text_element=\u00a0\u00bbp\u00a0\u00bb col_2_text_element=\u00a0\u00bbh5&Prime; font_family=\u00a0\u00bbp\u00a0\u00bb hover_effect=\u00a0\u00bbnone\u00a0\u00bb icon_family=\u00a0\u00bbnone\u00a0\u00bb icon_size=\u00a0\u00bbregular\u00a0\u00bb col_1_content=\u00a0\u00bbD\u00e9lais de production\u00a0\u00bb col_2_content=\u00a0\u00bb6 \u00e0 8 semaines\u00a0\u00bb][\/vc_column][\/vc_row][vc_row type=\u00a0\u00bbin_container\u00a0\u00bb full_screen_row_position=\u00a0\u00bbmiddle\u00a0\u00bb column_margin=\u00a0\u00bbdefault\u00a0\u00bb column_direction=\u00a0\u00bbdefault\u00a0\u00bb column_direction_tablet=\u00a0\u00bbdefault\u00a0\u00bb column_direction_phone=\u00a0\u00bbdefault\u00a0\u00bb scene_position=\u00a0\u00bbcenter\u00a0\u00bb text_color=\u00a0\u00bbdark\u00a0\u00bb text_align=\u00a0\u00bbleft\u00a0\u00bb row_border_radius=\u00a0\u00bbnone\u00a0\u00bb row_border_radius_applies=\u00a0\u00bbbg\u00a0\u00bb overflow=\u00a0\u00bbvisible\u00a0\u00bb overlay_strength=\u00a0\u00bb0.3&Prime; gradient_direction=\u00a0\u00bbleft_to_right\u00a0\u00bb shape_divider_position=\u00a0\u00bbbottom\u00a0\u00bb bg_image_animation=\u00a0\u00bbnone\u00a0\u00bb][vc_column column_padding=\u00a0\u00bbno-extra-padding\u00a0\u00bb column_padding_tablet=\u00a0\u00bbinherit\u00a0\u00bb column_padding_phone=\u00a0\u00bbinherit\u00a0\u00bb column_padding_position=\u00a0\u00bball\u00a0\u00bb column_element_direction_desktop=\u00a0\u00bbdefault\u00a0\u00bb column_element_spacing=\u00a0\u00bbdefault\u00a0\u00bb desktop_text_alignment=\u00a0\u00bbdefault\u00a0\u00bb tablet_text_alignment=\u00a0\u00bbdefault\u00a0\u00bb phone_text_alignment=\u00a0\u00bbdefault\u00a0\u00bb background_color_opacity=\u00a0\u00bb1&Prime; background_hover_color_opacity=\u00a0\u00bb1&Prime; column_backdrop_filter=\u00a0\u00bbnone\u00a0\u00bb column_shadow=\u00a0\u00bbnone\u00a0\u00bb column_border_radius=\u00a0\u00bbnone\u00a0\u00bb column_link_target=\u00a0\u00bb_self\u00a0\u00bb column_position=\u00a0\u00bbdefault\u00a0\u00bb gradient_direction=\u00a0\u00bbleft_to_right\u00a0\u00bb overlay_strength=\u00a0\u00bb0.3&Prime; width=\u00a0\u00bb1\/1&Prime; tablet_width_inherit=\u00a0\u00bbdefault\u00a0\u00bb animation_type=\u00a0\u00bbdefault\u00a0\u00bb bg_image_animation=\u00a0\u00bbnone\u00a0\u00bb border_type=\u00a0\u00bbsimple\u00a0\u00bb column_border_width=\u00a0\u00bbnone\u00a0\u00bb column_border_style=\u00a0\u00bbsolid\u00a0\u00bb][\/vc_column][\/vc_row]\n","protected":false},"excerpt":{"rendered":"<p>Les \u00e9tendues d\u00e9sertiques et les nuances profondes du sable namibien inspirent cette finition riche et chaude. Elle combine des teintes rouges chaudes et terreuses qui capturent l&rsquo;essence des vastes paysages de la Namibie. Cette finition incarne la puissance et la chaleur des dunes imposantes et des terres arides de Namibie. Sa texture, quant \u00e0 elle, capture la finesse du sable rouge \u00e9rod\u00e9 par le temps et la richesse ethnique de la Namibie.<\/p>\n<p>Sa chaleur et sa richesse chromatique conviennent particuli\u00e8rement aux espaces de vie et d&rsquo;\u00e9change.<\/p>\n","protected":false},"featured_media":29430,"template":"","meta":{"inline_featured_image":false},"product_brand":[],"product_cat":[45,44],"product_tag":[],"class_list":{"0":"post-29565","1":"product","2":"type-product","3":"status-publish","4":"has-post-thumbnail","6":"product_cat-table-lamp-fr","7":"product_cat-light-fr","9":"first","10":"outofstock","11":"taxable","12":"shipping-taxable","13":"product-type-simple"},"yoast_head":"<!-- This site is optimized with the Yoast SEO plugin v27.0 - https:\/\/yoast.com\/product\/yoast-seo-wordpress\/ -->\n<title>Namibia Trip - Terre Promise<\/title>\n<meta name=\"robots\" content=\"index, follow, max-snippet:-1, max-image-preview:large, max-video-preview:-1\" \/>\n<link rel=\"canonical\" href=\"https:\/\/terrepromise.be\/fr\/produit\/pure-namibia-trip\/\" \/>\n<meta property=\"og:locale\" content=\"fr_FR\" \/>\n<meta property=\"og:type\" content=\"article\" \/>\n<meta property=\"og:title\" content=\"Namibia Trip - Terre Promise\" \/>\n<meta property=\"og:description\" content=\"Les \u00e9tendues d\u00e9sertiques et les nuances profondes du sable namibien inspirent cette finition riche et chaude. Elle combine des teintes rouges chaudes et terreuses qui capturent l&#039;essence des vastes paysages de la Namibie. Cette finition incarne la puissance et la chaleur des dunes imposantes et des terres arides de Namibie. Sa texture, quant \u00e0 elle, capture la finesse du sable rouge \u00e9rod\u00e9 par le temps et la richesse ethnique de la Namibie.  Sa chaleur et sa richesse chromatique conviennent particuli\u00e8rement aux espaces de vie et d&#039;\u00e9change.\" \/>\n<meta property=\"og:url\" content=\"https:\/\/terrepromise.be\/fr\/produit\/pure-namibia-trip\/\" \/>\n<meta property=\"og:site_name\" content=\"Terre Promise\" \/>\n<meta property=\"article:modified_time\" content=\"2024-04-19T21:33:22+00:00\" \/>\n<meta property=\"og:image\" content=\"https:\/\/terrepromise.be\/wp-content\/uploads\/2023\/11\/Terre_Promise8969-1.jpg\" \/>\n\t<meta property=\"og:image:width\" content=\"661\" \/>\n\t<meta property=\"og:image:height\" content=\"900\" \/>\n\t<meta property=\"og:image:type\" content=\"image\/jpeg\" \/>\n<meta name=\"twitter:card\" content=\"summary_large_image\" \/>\n<meta name=\"twitter:label1\" content=\"Dur\u00e9e de lecture estim\u00e9e\" \/>\n\t<meta name=\"twitter:data1\" content=\"3 minutes\" \/>\n<script type=\"application\/ld+json\" class=\"yoast-schema-graph\">{\"@context\":\"https:\/\/schema.org\",\"@graph\":[{\"@type\":\"WebPage\",\"@id\":\"https:\/\/terrepromise.be\/fr\/produit\/pure-namibia-trip\/\",\"url\":\"https:\/\/terrepromise.be\/fr\/produit\/pure-namibia-trip\/\",\"name\":\"Namibia Trip - Terre Promise\",\"isPartOf\":{\"@id\":\"https:\/\/terrepromise.be\/#website\"},\"primaryImageOfPage\":{\"@id\":\"https:\/\/terrepromise.be\/fr\/produit\/pure-namibia-trip\/#primaryimage\"},\"image\":{\"@id\":\"https:\/\/terrepromise.be\/fr\/produit\/pure-namibia-trip\/#primaryimage\"},\"thumbnailUrl\":\"https:\/\/terrepromise.be\/wp-content\/uploads\/2023\/11\/Terre_Promise8969-1.jpg\",\"datePublished\":\"2023-11-06T13:59:17+00:00\",\"dateModified\":\"2024-04-19T21:33:22+00:00\",\"breadcrumb\":{\"@id\":\"https:\/\/terrepromise.be\/fr\/produit\/pure-namibia-trip\/#breadcrumb\"},\"inLanguage\":\"fr-FR\",\"potentialAction\":[{\"@type\":\"ReadAction\",\"target\":[\"https:\/\/terrepromise.be\/fr\/produit\/pure-namibia-trip\/\"]}]},{\"@type\":\"ImageObject\",\"inLanguage\":\"fr-FR\",\"@id\":\"https:\/\/terrepromise.be\/fr\/produit\/pure-namibia-trip\/#primaryimage\",\"url\":\"https:\/\/terrepromise.be\/wp-content\/uploads\/2023\/11\/Terre_Promise8969-1.jpg\",\"contentUrl\":\"https:\/\/terrepromise.be\/wp-content\/uploads\/2023\/11\/Terre_Promise8969-1.jpg\",\"width\":661,\"height\":900,\"caption\":\"That helps visualize the warm finish, the beautiful light, and the overall harmony of our ceramic table lights.\"},{\"@type\":\"BreadcrumbList\",\"@id\":\"https:\/\/terrepromise.be\/fr\/produit\/pure-namibia-trip\/#breadcrumb\",\"itemListElement\":[{\"@type\":\"ListItem\",\"position\":1,\"name\":\"Home\",\"item\":\"https:\/\/terrepromise.be\/fr\/\"},{\"@type\":\"ListItem\",\"position\":2,\"name\":\"Catalogue\",\"item\":\"https:\/\/terrepromise.be\/fr\/catalogue\/\"},{\"@type\":\"ListItem\",\"position\":3,\"name\":\"Namibia Trip\"}]},{\"@type\":\"WebSite\",\"@id\":\"https:\/\/terrepromise.be\/#website\",\"url\":\"https:\/\/terrepromise.be\/\",\"name\":\"Terre Promise\",\"description\":\"Our creations awaken the imagination, inspire reverie and invite for a moment of pause by connecting you to nature and its organic materials.\",\"publisher\":{\"@id\":\"https:\/\/terrepromise.be\/#organization\"},\"potentialAction\":[{\"@type\":\"SearchAction\",\"target\":{\"@type\":\"EntryPoint\",\"urlTemplate\":\"https:\/\/terrepromise.be\/?s={search_term_string}\"},\"query-input\":{\"@type\":\"PropertyValueSpecification\",\"valueRequired\":true,\"valueName\":\"search_term_string\"}}],\"inLanguage\":\"fr-FR\"},{\"@type\":\"Organization\",\"@id\":\"https:\/\/terrepromise.be\/#organization\",\"name\":\"Terre Promise\",\"url\":\"https:\/\/terrepromise.be\/\",\"logo\":{\"@type\":\"ImageObject\",\"inLanguage\":\"fr-FR\",\"@id\":\"https:\/\/terrepromise.be\/#\/schema\/logo\/image\/\",\"url\":\"https:\/\/terrepromise.be\/wp-content\/uploads\/2023\/11\/tp.png\",\"contentUrl\":\"https:\/\/terrepromise.be\/wp-content\/uploads\/2023\/11\/tp.png\",\"width\":512,\"height\":364,\"caption\":\"Terre Promise\"},\"image\":{\"@id\":\"https:\/\/terrepromise.be\/#\/schema\/logo\/image\/\"},\"sameAs\":[\"https:\/\/www.instagram.com\/terrepromisecreations\/?hl=fr\"]}]}<\/script>\n<!-- \/ Yoast SEO plugin. -->","yoast_head_json":{"title":"Namibia Trip - Terre Promise","robots":{"index":"index","follow":"follow","max-snippet":"max-snippet:-1","max-image-preview":"max-image-preview:large","max-video-preview":"max-video-preview:-1"},"canonical":"https:\/\/terrepromise.be\/fr\/produit\/pure-namibia-trip\/","og_locale":"fr_FR","og_type":"article","og_title":"Namibia Trip - Terre Promise","og_description":"Les \u00e9tendues d\u00e9sertiques et les nuances profondes du sable namibien inspirent cette finition riche et chaude. Elle combine des teintes rouges chaudes et terreuses qui capturent l'essence des vastes paysages de la Namibie. Cette finition incarne la puissance et la chaleur des dunes imposantes et des terres arides de Namibie. Sa texture, quant \u00e0 elle, capture la finesse du sable rouge \u00e9rod\u00e9 par le temps et la richesse ethnique de la Namibie.  Sa chaleur et sa richesse chromatique conviennent particuli\u00e8rement aux espaces de vie et d'\u00e9change.","og_url":"https:\/\/terrepromise.be\/fr\/produit\/pure-namibia-trip\/","og_site_name":"Terre Promise","article_modified_time":"2024-04-19T21:33:22+00:00","og_image":[{"width":661,"height":900,"url":"https:\/\/terrepromise.be\/wp-content\/uploads\/2023\/11\/Terre_Promise8969-1.jpg","type":"image\/jpeg"}],"twitter_card":"summary_large_image","twitter_misc":{"Dur\u00e9e de lecture estim\u00e9e":"3 minutes"},"schema":{"@context":"https:\/\/schema.org","@graph":[{"@type":"WebPage","@id":"https:\/\/terrepromise.be\/fr\/produit\/pure-namibia-trip\/","url":"https:\/\/terrepromise.be\/fr\/produit\/pure-namibia-trip\/","name":"Namibia Trip - Terre Promise","isPartOf":{"@id":"https:\/\/terrepromise.be\/#website"},"primaryImageOfPage":{"@id":"https:\/\/terrepromise.be\/fr\/produit\/pure-namibia-trip\/#primaryimage"},"image":{"@id":"https:\/\/terrepromise.be\/fr\/produit\/pure-namibia-trip\/#primaryimage"},"thumbnailUrl":"https:\/\/terrepromise.be\/wp-content\/uploads\/2023\/11\/Terre_Promise8969-1.jpg","datePublished":"2023-11-06T13:59:17+00:00","dateModified":"2024-04-19T21:33:22+00:00","breadcrumb":{"@id":"https:\/\/terrepromise.be\/fr\/produit\/pure-namibia-trip\/#breadcrumb"},"inLanguage":"fr-FR","potentialAction":[{"@type":"ReadAction","target":["https:\/\/terrepromise.be\/fr\/produit\/pure-namibia-trip\/"]}]},{"@type":"ImageObject","inLanguage":"fr-FR","@id":"https:\/\/terrepromise.be\/fr\/produit\/pure-namibia-trip\/#primaryimage","url":"https:\/\/terrepromise.be\/wp-content\/uploads\/2023\/11\/Terre_Promise8969-1.jpg","contentUrl":"https:\/\/terrepromise.be\/wp-content\/uploads\/2023\/11\/Terre_Promise8969-1.jpg","width":661,"height":900,"caption":"That helps visualize the warm finish, the beautiful light, and the overall harmony of our ceramic table lights."},{"@type":"BreadcrumbList","@id":"https:\/\/terrepromise.be\/fr\/produit\/pure-namibia-trip\/#breadcrumb","itemListElement":[{"@type":"ListItem","position":1,"name":"Home","item":"https:\/\/terrepromise.be\/fr\/"},{"@type":"ListItem","position":2,"name":"Catalogue","item":"https:\/\/terrepromise.be\/fr\/catalogue\/"},{"@type":"ListItem","position":3,"name":"Namibia Trip"}]},{"@type":"WebSite","@id":"https:\/\/terrepromise.be\/#website","url":"https:\/\/terrepromise.be\/","name":"Terre Promise","description":"Our creations awaken the imagination, inspire reverie and invite for a moment of pause by connecting you to nature and its organic materials.","publisher":{"@id":"https:\/\/terrepromise.be\/#organization"},"potentialAction":[{"@type":"SearchAction","target":{"@type":"EntryPoint","urlTemplate":"https:\/\/terrepromise.be\/?s={search_term_string}"},"query-input":{"@type":"PropertyValueSpecification","valueRequired":true,"valueName":"search_term_string"}}],"inLanguage":"fr-FR"},{"@type":"Organization","@id":"https:\/\/terrepromise.be\/#organization","name":"Terre Promise","url":"https:\/\/terrepromise.be\/","logo":{"@type":"ImageObject","inLanguage":"fr-FR","@id":"https:\/\/terrepromise.be\/#\/schema\/logo\/image\/","url":"https:\/\/terrepromise.be\/wp-content\/uploads\/2023\/11\/tp.png","contentUrl":"https:\/\/terrepromise.be\/wp-content\/uploads\/2023\/11\/tp.png","width":512,"height":364,"caption":"Terre Promise"},"image":{"@id":"https:\/\/terrepromise.be\/#\/schema\/logo\/image\/"},"sameAs":["https:\/\/www.instagram.com\/terrepromisecreations\/?hl=fr"]}]}},"_links":{"self":[{"href":"https:\/\/terrepromise.be\/fr\/wp-json\/wp\/v2\/product\/29565","targetHints":{"allow":["GET"]}}],"collection":[{"href":"https:\/\/terrepromise.be\/fr\/wp-json\/wp\/v2\/product"}],"about":[{"href":"https:\/\/terrepromise.be\/fr\/wp-json\/wp\/v2\/types\/product"}],"wp:featuredmedia":[{"embeddable":true,"href":"https:\/\/terrepromise.be\/fr\/wp-json\/wp\/v2\/media\/29430"}],"wp:attachment":[{"href":"https:\/\/terrepromise.be\/fr\/wp-json\/wp\/v2\/media?parent=29565"}],"wp:term":[{"taxonomy":"product_brand","embeddable":true,"href":"https:\/\/terrepromise.be\/fr\/wp-json\/wp\/v2\/product_brand?post=29565"},{"taxonomy":"product_cat","embeddable":true,"href":"https:\/\/terrepromise.be\/fr\/wp-json\/wp\/v2\/product_cat?post=29565"},{"taxonomy":"product_tag","embeddable":true,"href":"https:\/\/terrepromise.be\/fr\/wp-json\/wp\/v2\/product_tag?post=29565"}],"curies":[{"name":"wp","href":"https:\/\/api.w.org\/{rel}","templated":true}]}}