{"id":29563,"date":"2023-11-20T10:11:36","date_gmt":"2023-11-20T09:11:36","guid":{"rendered":"https:\/\/terrepromise.be\/produit\/pure-atacama-ride\/"},"modified":"2024-04-19T23:34:20","modified_gmt":"2024-04-19T21:34:20","slug":"pure-atacama-ride","status":"publish","type":"product","link":"https:\/\/terrepromise.be\/fr\/produit\/pure-atacama-ride\/","title":{"rendered":"Atacama Ride"},"content":{"rendered":"[vc_row type=\u00a0\u00bbfull_width_background\u00a0\u00bb full_screen_row_position=\u00a0\u00bbmiddle\u00a0\u00bb column_margin=\u00a0\u00bbdefault\u00a0\u00bb column_direction=\u00a0\u00bbdefault\u00a0\u00bb column_direction_tablet=\u00a0\u00bbdefault\u00a0\u00bb column_direction_phone=\u00a0\u00bbdefault\u00a0\u00bb bg_color=\u00a0\u00bb#ffffff\u00a0\u00bb scene_position=\u00a0\u00bbcenter\u00a0\u00bb top_padding=\u00a0\u00bb5%\u00a0\u00bb bottom_padding=\u00a0\u00bb2%\u00a0\u00bb text_color=\u00a0\u00bbdark\u00a0\u00bb text_align=\u00a0\u00bbleft\u00a0\u00bb row_border_radius=\u00a0\u00bbnone\u00a0\u00bb row_border_radius_applies=\u00a0\u00bbbg\u00a0\u00bb overflow=\u00a0\u00bbvisible\u00a0\u00bb overlay_strength=\u00a0\u00bb1&Prime; gradient_direction=\u00a0\u00bbleft_to_right\u00a0\u00bb shape_divider_position=\u00a0\u00bbbottom\u00a0\u00bb bg_image_animation=\u00a0\u00bbnone\u00a0\u00bb shape_type=\u00a0\u00bb\u00a0\u00bb][vc_column column_padding=\u00a0\u00bbno-extra-padding\u00a0\u00bb column_padding_tablet=\u00a0\u00bbinherit\u00a0\u00bb column_padding_phone=\u00a0\u00bbinherit\u00a0\u00bb column_padding_position=\u00a0\u00bball\u00a0\u00bb column_element_direction_desktop=\u00a0\u00bbdefault\u00a0\u00bb column_element_spacing=\u00a0\u00bbdefault\u00a0\u00bb desktop_text_alignment=\u00a0\u00bbdefault\u00a0\u00bb tablet_text_alignment=\u00a0\u00bbdefault\u00a0\u00bb phone_text_alignment=\u00a0\u00bbdefault\u00a0\u00bb background_color_opacity=\u00a0\u00bb1&Prime; background_hover_color_opacity=\u00a0\u00bb1&Prime; column_backdrop_filter=\u00a0\u00bbnone\u00a0\u00bb column_shadow=\u00a0\u00bbnone\u00a0\u00bb column_border_radius=\u00a0\u00bbnone\u00a0\u00bb column_link_target=\u00a0\u00bb_self\u00a0\u00bb column_position=\u00a0\u00bbdefault\u00a0\u00bb gradient_direction=\u00a0\u00bbleft_to_right\u00a0\u00bb overlay_strength=\u00a0\u00bb0.3&Prime; width=\u00a0\u00bb1\/2&Prime; tablet_width_inherit=\u00a0\u00bbdefault\u00a0\u00bb animation_type=\u00a0\u00bbdefault\u00a0\u00bb enable_animation=\u00a0\u00bbtrue\u00a0\u00bb animation=\u00a0\u00bbfade-in-from-bottom\u00a0\u00bb animation_easing=\u00a0\u00bbdefault\u00a0\u00bb bg_image_animation=\u00a0\u00bbnone\u00a0\u00bb border_type=\u00a0\u00bbsimple\u00a0\u00bb column_border_width=\u00a0\u00bbnone\u00a0\u00bb column_border_style=\u00a0\u00bbsolid\u00a0\u00bb][vc_column_text css=\u00a0\u00bb.vc_custom_1700126981455{margin-bottom: 10px !important;padding-right: 10% !important;}\u00a0\u00bb]\n<h3>About the product<\/h3>\n[\/vc_column_text][divider line_type=\u00a0\u00bbNo Line\u00a0\u00bb custom_height=\u00a0\u00bb20&Prime; custom_height_phone=\u00a0\u00bb10&Prime;][vc_column_text css=\u00a0\u00bb.vc_custom_1700129452049{padding-right: 10% !important;}\u00a0\u00bb]<span style=\"font-weight: 400;\">Incarnant une \u00e9l\u00e9gante simplicit\u00e9, le mod\u00e8le Pure est \u00e0 la fois contemporain et intemporel. Its sleek silhouette transcends trends, captures the beauty of a curve, celebrates the magic of hand-crafted ceramics and highlights its natural beauty to create a soft, fascinating ambience. Its subtle curves invite contemplation and create a soothing balance in any space. Its materials awaken the senses and invite us to connect with nature through light and matter.<\/span>[\/vc_column_text][divider line_type=\u00a0\u00bbNo Line\u00a0\u00bb custom_height=\u00a0\u00bb60&Prime; custom_height_phone=\u00a0\u00bb30&Prime;][toggles style=\u00a0\u00bbminimal_small\u00a0\u00bb accordion=\u00a0\u00bbtrue\u00a0\u00bb accordion_starting_functionality=\u00a0\u00bbclosed\u00a0\u00bb][toggle color=\u00a0\u00bbDefault\u00a0\u00bb heading_tag=\u00a0\u00bbdefault\u00a0\u00bb heading_tag_functionality=\u00a0\u00bbdefault\u00a0\u00bb title=\u00a0\u00bb100 DAYS, SERENITY PROGRAM\u00a0\u00bb][vc_column_text]We know the best way to make the right choice with decorating pieces, is to try them at their new place. So if eventually you feel like it does not perfectly fit in your decoration, we will help you return or exchange them during 100 days.[\/vc_column_text][nectar_cta btn_style=\u00a0\u00bbarrow-animation\u00a0\u00bb heading_tag=\u00a0\u00bbh5&Prime; button_color=\u00a0\u00bbdefault\u00a0\u00bb button_border_thickness=\u00a0\u00bb0px\u00a0\u00bb link_type=\u00a0\u00bbregular\u00a0\u00bb alignment=\u00a0\u00bbleft\u00a0\u00bb alignment_tablet=\u00a0\u00bbdefault\u00a0\u00bb alignment_phone=\u00a0\u00bbdefault\u00a0\u00bb display=\u00a0\u00bbblock\u00a0\u00bb display_tablet=\u00a0\u00bbinherit\u00a0\u00bb display_phone=\u00a0\u00bbinherit\u00a0\u00bb link_text=\u00a0\u00bbDiscover our serenity program\u00a0\u00bb url=\u00a0\u00bb\/serenity-program\/\u00a0\u00bb][divider line_type=\u00a0\u00bbNo Line\u00a0\u00bb custom_height=\u00a0\u00bb60&Prime; custom_height_phone=\u00a0\u00bb30&Prime;][\/toggle][toggle color=\u00a0\u00bbDefault\u00a0\u00bb heading_tag=\u00a0\u00bbdefault\u00a0\u00bb heading_tag_functionality=\u00a0\u00bbdefault\u00a0\u00bb title=\u00a0\u00bbWhere to buy\u00a0\u00bb][vc_column_text]Would you like to see and touch our lamps? Here&rsquo;s where to find them.[\/vc_column_text][nectar_cta btn_style=\u00a0\u00bbarrow-animation\u00a0\u00bb heading_tag=\u00a0\u00bbh5&Prime; button_color=\u00a0\u00bbdefault\u00a0\u00bb button_border_thickness=\u00a0\u00bb0px\u00a0\u00bb link_type=\u00a0\u00bbregular\u00a0\u00bb alignment=\u00a0\u00bbleft\u00a0\u00bb alignment_tablet=\u00a0\u00bbdefault\u00a0\u00bb alignment_phone=\u00a0\u00bbdefault\u00a0\u00bb display=\u00a0\u00bbblock\u00a0\u00bb display_tablet=\u00a0\u00bbinherit\u00a0\u00bb display_phone=\u00a0\u00bbinherit\u00a0\u00bb link_text=\u00a0\u00bbFind a store\u00a0\u00bb][divider line_type=\u00a0\u00bbNo Line\u00a0\u00bb custom_height=\u00a0\u00bb60&Prime; custom_height_phone=\u00a0\u00bb30&Prime;][\/toggle][toggle color=\u00a0\u00bbDefault\u00a0\u00bb heading_tag=\u00a0\u00bbdefault\u00a0\u00bb heading_tag_functionality=\u00a0\u00bbdefault\u00a0\u00bb title=\u00a0\u00bbHand craft production\u00a0\u00bb][vc_column_text css=\u00a0\u00bb.vc_custom_1700129719181{padding-right: 10% !important;}\u00a0\u00bb]Our combinations of clays and aggregates from various origins, our piece-by-piece, entirely hand-made production, and the magic of high-temperature vitrification, give each piece its own personality. This means that pieces may differ slightly in size, weight, shape and color. They are all handcrafted with the utmost care and every possible effort is made for each individual piece, but small differences are inherent in artisanal lathe production. Please understand that these slight variations create the character, the beauty, and mark the difference between hand made and industrial factory made products.[\/vc_column_text][divider line_type=\u00a0\u00bbNo Line\u00a0\u00bb custom_height=\u00a0\u00bb60&Prime; custom_height_phone=\u00a0\u00bb30&Prime;][\/toggle][\/toggles][\/vc_column][vc_column column_padding=\u00a0\u00bbno-extra-padding\u00a0\u00bb column_padding_tablet=\u00a0\u00bbinherit\u00a0\u00bb column_padding_phone=\u00a0\u00bbinherit\u00a0\u00bb column_padding_position=\u00a0\u00bball\u00a0\u00bb column_element_direction_desktop=\u00a0\u00bbdefault\u00a0\u00bb column_element_spacing=\u00a0\u00bbdefault\u00a0\u00bb desktop_text_alignment=\u00a0\u00bbdefault\u00a0\u00bb tablet_text_alignment=\u00a0\u00bbdefault\u00a0\u00bb phone_text_alignment=\u00a0\u00bbdefault\u00a0\u00bb background_color_opacity=\u00a0\u00bb1&Prime; background_hover_color_opacity=\u00a0\u00bb1&Prime; column_backdrop_filter=\u00a0\u00bbnone\u00a0\u00bb column_shadow=\u00a0\u00bbnone\u00a0\u00bb column_border_radius=\u00a0\u00bbnone\u00a0\u00bb column_link_target=\u00a0\u00bb_self\u00a0\u00bb column_position=\u00a0\u00bbdefault\u00a0\u00bb gradient_direction=\u00a0\u00bbleft_to_right\u00a0\u00bb overlay_strength=\u00a0\u00bb0.3&Prime; width=\u00a0\u00bb1\/2&Prime; tablet_width_inherit=\u00a0\u00bbdefault\u00a0\u00bb animation_type=\u00a0\u00bbdefault\u00a0\u00bb bg_image_animation=\u00a0\u00bbnone\u00a0\u00bb border_type=\u00a0\u00bbsimple\u00a0\u00bb column_border_width=\u00a0\u00bbnone\u00a0\u00bb column_border_style=\u00a0\u00bbsolid\u00a0\u00bb][vc_column_text css=\u00a0\u00bb.vc_custom_1700126987922{margin-bottom: 10px !important;padding-right: 10% !important;}\u00a0\u00bb]\n<h3>Specs<\/h3>\n[\/vc_column_text][nectar_horizontal_list_item columns=\u00a0\u00bb2&Prime; column_layout_using_2_columns=\u00a0\u00bbmedium_last\u00a0\u00bb col_1_text_align=\u00a0\u00bbleft\u00a0\u00bb col_2_text_align=\u00a0\u00bbleft\u00a0\u00bb col_1_text_element=\u00a0\u00bbp\u00a0\u00bb col_2_text_element=\u00a0\u00bbh5&Prime; font_family=\u00a0\u00bbp\u00a0\u00bb hover_effect=\u00a0\u00bbnone\u00a0\u00bb icon_family=\u00a0\u00bbnone\u00a0\u00bb icon_size=\u00a0\u00bbregular\u00a0\u00bb col_1_content=\u00a0\u00bbAvailable sizes (cm)\u00a0\u00bb col_2_content=\u00a0\u00bbS : 25&#215;18 \/ M : 40&#215;28 \/ L : 55 x 38&Prime;][nectar_horizontal_list_item columns=\u00a0\u00bb2&Prime; column_layout_using_2_columns=\u00a0\u00bbmedium_last\u00a0\u00bb col_1_text_align=\u00a0\u00bbleft\u00a0\u00bb col_2_text_align=\u00a0\u00bbleft\u00a0\u00bb col_1_text_element=\u00a0\u00bbp\u00a0\u00bb col_2_text_element=\u00a0\u00bbh5&Prime; font_family=\u00a0\u00bbp\u00a0\u00bb hover_effect=\u00a0\u00bbnone\u00a0\u00bb icon_family=\u00a0\u00bbnone\u00a0\u00bb icon_size=\u00a0\u00bbregular\u00a0\u00bb col_1_content=\u00a0\u00bbLights included\u00a0\u00bb col_2_content=\u00a0\u00bbLED G9, 3.2W, 400lm, 2700k (warm), non dimmable\u00a0\u00bb][nectar_horizontal_list_item columns=\u00a0\u00bb2&Prime; column_layout_using_2_columns=\u00a0\u00bbmedium_last\u00a0\u00bb col_1_text_align=\u00a0\u00bbleft\u00a0\u00bb col_2_text_align=\u00a0\u00bbleft\u00a0\u00bb col_1_text_element=\u00a0\u00bbp\u00a0\u00bb col_2_text_element=\u00a0\u00bbh5&Prime; font_family=\u00a0\u00bbp\u00a0\u00bb hover_effect=\u00a0\u00bbnone\u00a0\u00bb icon_family=\u00a0\u00bbnone\u00a0\u00bb icon_size=\u00a0\u00bbregular\u00a0\u00bb col_1_content=\u00a0\u00bbProtection sign\u00a0\u00bb col_2_content=\u00a0\u00bbIP20 indoor use\u00a0\u00bb][nectar_horizontal_list_item columns=\u00a0\u00bb2&Prime; column_layout_using_2_columns=\u00a0\u00bbmedium_last\u00a0\u00bb col_1_text_align=\u00a0\u00bbleft\u00a0\u00bb col_2_text_align=\u00a0\u00bbleft\u00a0\u00bb col_1_text_element=\u00a0\u00bbp\u00a0\u00bb col_2_text_element=\u00a0\u00bbh5&Prime; font_family=\u00a0\u00bbp\u00a0\u00bb hover_effect=\u00a0\u00bbnone\u00a0\u00bb icon_family=\u00a0\u00bbnone\u00a0\u00bb icon_size=\u00a0\u00bbregular\u00a0\u00bb col_1_content=\u00a0\u00bbMaterials\u00a0\u00bb col_2_content=\u00a0\u00bbTerre Promise&rsquo;s blended stoneware\u00a0\u00bb][nectar_horizontal_list_item columns=\u00a0\u00bb2&Prime; column_layout_using_2_columns=\u00a0\u00bbmedium_last\u00a0\u00bb col_1_text_align=\u00a0\u00bbleft\u00a0\u00bb col_2_text_align=\u00a0\u00bbleft\u00a0\u00bb col_1_text_element=\u00a0\u00bbp\u00a0\u00bb col_2_text_element=\u00a0\u00bbh5&Prime; font_family=\u00a0\u00bbp\u00a0\u00bb hover_effect=\u00a0\u00bbnone\u00a0\u00bb icon_family=\u00a0\u00bbnone\u00a0\u00bb icon_size=\u00a0\u00bbregular\u00a0\u00bb col_1_content=\u00a0\u00bbFinishes\u00a0\u00bb col_2_content=\u00a0\u00bbBrass &amp; leather\u00a0\u00bb][nectar_horizontal_list_item columns=\u00a0\u00bb2&Prime; column_layout_using_2_columns=\u00a0\u00bbmedium_last\u00a0\u00bb col_1_text_align=\u00a0\u00bbleft\u00a0\u00bb col_2_text_align=\u00a0\u00bbleft\u00a0\u00bb col_1_text_element=\u00a0\u00bbp\u00a0\u00bb col_2_text_element=\u00a0\u00bbh5&Prime; font_family=\u00a0\u00bbp\u00a0\u00bb hover_effect=\u00a0\u00bbnone\u00a0\u00bb icon_family=\u00a0\u00bbnone\u00a0\u00bb icon_size=\u00a0\u00bbregular\u00a0\u00bb col_1_content=\u00a0\u00bbDelivery delay\u00a0\u00bb col_2_content=\u00a0\u00bb6-8 weeks\u00a0\u00bb][\/vc_column][\/vc_row][vc_row type=\u00a0\u00bbin_container\u00a0\u00bb full_screen_row_position=\u00a0\u00bbmiddle\u00a0\u00bb column_margin=\u00a0\u00bbdefault\u00a0\u00bb column_direction=\u00a0\u00bbdefault\u00a0\u00bb column_direction_tablet=\u00a0\u00bbdefault\u00a0\u00bb column_direction_phone=\u00a0\u00bbdefault\u00a0\u00bb scene_position=\u00a0\u00bbcenter\u00a0\u00bb text_color=\u00a0\u00bbdark\u00a0\u00bb text_align=\u00a0\u00bbleft\u00a0\u00bb row_border_radius=\u00a0\u00bbnone\u00a0\u00bb row_border_radius_applies=\u00a0\u00bbbg\u00a0\u00bb overflow=\u00a0\u00bbvisible\u00a0\u00bb overlay_strength=\u00a0\u00bb0.3&Prime; gradient_direction=\u00a0\u00bbleft_to_right\u00a0\u00bb shape_divider_position=\u00a0\u00bbbottom\u00a0\u00bb bg_image_animation=\u00a0\u00bbnone\u00a0\u00bb][vc_column column_padding=\u00a0\u00bbno-extra-padding\u00a0\u00bb column_padding_tablet=\u00a0\u00bbinherit\u00a0\u00bb column_padding_phone=\u00a0\u00bbinherit\u00a0\u00bb column_padding_position=\u00a0\u00bball\u00a0\u00bb column_element_direction_desktop=\u00a0\u00bbdefault\u00a0\u00bb column_element_spacing=\u00a0\u00bbdefault\u00a0\u00bb desktop_text_alignment=\u00a0\u00bbdefault\u00a0\u00bb tablet_text_alignment=\u00a0\u00bbdefault\u00a0\u00bb phone_text_alignment=\u00a0\u00bbdefault\u00a0\u00bb background_color_opacity=\u00a0\u00bb1&Prime; background_hover_color_opacity=\u00a0\u00bb1&Prime; column_backdrop_filter=\u00a0\u00bbnone\u00a0\u00bb column_shadow=\u00a0\u00bbnone\u00a0\u00bb column_border_radius=\u00a0\u00bbnone\u00a0\u00bb column_link_target=\u00a0\u00bb_self\u00a0\u00bb column_position=\u00a0\u00bbdefault\u00a0\u00bb gradient_direction=\u00a0\u00bbleft_to_right\u00a0\u00bb overlay_strength=\u00a0\u00bb0.3&Prime; width=\u00a0\u00bb1\/1&Prime; tablet_width_inherit=\u00a0\u00bbdefault\u00a0\u00bb animation_type=\u00a0\u00bbdefault\u00a0\u00bb bg_image_animation=\u00a0\u00bbnone\u00a0\u00bb border_type=\u00a0\u00bbsimple\u00a0\u00bb column_border_width=\u00a0\u00bbnone\u00a0\u00bb column_border_style=\u00a0\u00bbsolid\u00a0\u00bb][\/vc_column][\/vc_row]\n","protected":false},"excerpt":{"rendered":"<p>Les vastes \u00e9tendues du d\u00e9sert d\u2019Atacama ont inspir\u00e9 cette palette de couleurs douces et terreuses. Les nuances de beige clair, de gris p\u00e2le et de pigments brun\u00e2tres rappellent les paysages infinis et vari\u00e9s de cette r\u00e9gion aride du Chili. Cette finition capture l\u2019essence de la nature dans ses teintes subtiles, elle \u00e9voque la s\u00e9r\u00e9nit\u00e9 du d\u00e9sert et la beaut\u00e9 de sa simplicit\u00e9. Sa texture douce, aux variations d\u00e9licates, ajoute une dimension apaisante et min\u00e9rale \u00e0 votre int\u00e9rieur.<br \/>\nLa finition Atacama Ride est particuli\u00e8rement adapt\u00e9e aux espaces calmes et accueillants, tels que les chambres \u00e0 coucher ou les coins lecture.<\/p>\n","protected":false},"featured_media":29427,"template":"","meta":{"inline_featured_image":false},"product_brand":[],"product_cat":[45,44],"product_tag":[],"class_list":{"0":"post-29563","1":"product","2":"type-product","3":"status-publish","4":"has-post-thumbnail","6":"product_cat-table-lamp-fr","7":"product_cat-light-fr","9":"first","10":"outofstock","11":"taxable","12":"shipping-taxable","13":"product-type-simple"},"yoast_head":"<!-- This site is optimized with the Yoast SEO plugin v27.0 - https:\/\/yoast.com\/product\/yoast-seo-wordpress\/ -->\n<title>Atacama Ride - Terre Promise<\/title>\n<meta name=\"robots\" content=\"index, follow, max-snippet:-1, max-image-preview:large, max-video-preview:-1\" \/>\n<link rel=\"canonical\" href=\"https:\/\/terrepromise.be\/fr\/produit\/pure-atacama-ride\/\" \/>\n<meta property=\"og:locale\" content=\"fr_FR\" \/>\n<meta property=\"og:type\" content=\"article\" \/>\n<meta property=\"og:title\" content=\"Atacama Ride - Terre Promise\" \/>\n<meta property=\"og:description\" content=\"Les vastes \u00e9tendues du d\u00e9sert d\u2019Atacama ont inspir\u00e9 cette palette de couleurs douces et terreuses. Les nuances de beige clair, de gris p\u00e2le et de pigments brun\u00e2tres rappellent les paysages infinis et vari\u00e9s de cette r\u00e9gion aride du Chili. Cette finition capture l\u2019essence de la nature dans ses teintes subtiles, elle \u00e9voque la s\u00e9r\u00e9nit\u00e9 du d\u00e9sert et la beaut\u00e9 de sa simplicit\u00e9. Sa texture douce, aux variations d\u00e9licates, ajoute une dimension apaisante et min\u00e9rale \u00e0 votre int\u00e9rieur. La finition Atacama Ride est particuli\u00e8rement adapt\u00e9e aux espaces calmes et accueillants, tels que les chambres \u00e0 coucher ou les coins lecture.\" \/>\n<meta property=\"og:url\" content=\"https:\/\/terrepromise.be\/fr\/produit\/pure-atacama-ride\/\" \/>\n<meta property=\"og:site_name\" content=\"Terre Promise\" \/>\n<meta property=\"article:modified_time\" content=\"2024-04-19T21:34:20+00:00\" \/>\n<meta property=\"og:image\" content=\"https:\/\/terrepromise.be\/wp-content\/uploads\/2023\/11\/Terre_Promise8965-1.jpg\" \/>\n\t<meta property=\"og:image:width\" content=\"661\" \/>\n\t<meta property=\"og:image:height\" content=\"900\" \/>\n\t<meta property=\"og:image:type\" content=\"image\/jpeg\" \/>\n<meta name=\"twitter:card\" content=\"summary_large_image\" \/>\n<meta name=\"twitter:label1\" content=\"Dur\u00e9e de lecture estim\u00e9e\" \/>\n\t<meta name=\"twitter:data1\" content=\"3 minutes\" \/>\n<script type=\"application\/ld+json\" class=\"yoast-schema-graph\">{\"@context\":\"https:\/\/schema.org\",\"@graph\":[{\"@type\":\"WebPage\",\"@id\":\"https:\/\/terrepromise.be\/fr\/produit\/pure-atacama-ride\/\",\"url\":\"https:\/\/terrepromise.be\/fr\/produit\/pure-atacama-ride\/\",\"name\":\"Atacama Ride - Terre Promise\",\"isPartOf\":{\"@id\":\"https:\/\/terrepromise.be\/#website\"},\"primaryImageOfPage\":{\"@id\":\"https:\/\/terrepromise.be\/fr\/produit\/pure-atacama-ride\/#primaryimage\"},\"image\":{\"@id\":\"https:\/\/terrepromise.be\/fr\/produit\/pure-atacama-ride\/#primaryimage\"},\"thumbnailUrl\":\"https:\/\/terrepromise.be\/wp-content\/uploads\/2023\/11\/Terre_Promise8965-1.jpg\",\"datePublished\":\"2023-11-20T09:11:36+00:00\",\"dateModified\":\"2024-04-19T21:34:20+00:00\",\"breadcrumb\":{\"@id\":\"https:\/\/terrepromise.be\/fr\/produit\/pure-atacama-ride\/#breadcrumb\"},\"inLanguage\":\"fr-FR\",\"potentialAction\":[{\"@type\":\"ReadAction\",\"target\":[\"https:\/\/terrepromise.be\/fr\/produit\/pure-atacama-ride\/\"]}]},{\"@type\":\"ImageObject\",\"inLanguage\":\"fr-FR\",\"@id\":\"https:\/\/terrepromise.be\/fr\/produit\/pure-atacama-ride\/#primaryimage\",\"url\":\"https:\/\/terrepromise.be\/wp-content\/uploads\/2023\/11\/Terre_Promise8965-1.jpg\",\"contentUrl\":\"https:\/\/terrepromise.be\/wp-content\/uploads\/2023\/11\/Terre_Promise8965-1.jpg\",\"width\":661,\"height\":900,\"caption\":\"That helps visualize the soft finish, the beautiful light, and the overall harmony of our ceramic table lights.\"},{\"@type\":\"BreadcrumbList\",\"@id\":\"https:\/\/terrepromise.be\/fr\/produit\/pure-atacama-ride\/#breadcrumb\",\"itemListElement\":[{\"@type\":\"ListItem\",\"position\":1,\"name\":\"Home\",\"item\":\"https:\/\/terrepromise.be\/fr\/\"},{\"@type\":\"ListItem\",\"position\":2,\"name\":\"Catalogue\",\"item\":\"https:\/\/terrepromise.be\/fr\/catalogue\/\"},{\"@type\":\"ListItem\",\"position\":3,\"name\":\"Atacama Ride\"}]},{\"@type\":\"WebSite\",\"@id\":\"https:\/\/terrepromise.be\/#website\",\"url\":\"https:\/\/terrepromise.be\/\",\"name\":\"Terre Promise\",\"description\":\"Our creations awaken the imagination, inspire reverie and invite for a moment of pause by connecting you to nature and its organic materials.\",\"publisher\":{\"@id\":\"https:\/\/terrepromise.be\/#organization\"},\"potentialAction\":[{\"@type\":\"SearchAction\",\"target\":{\"@type\":\"EntryPoint\",\"urlTemplate\":\"https:\/\/terrepromise.be\/?s={search_term_string}\"},\"query-input\":{\"@type\":\"PropertyValueSpecification\",\"valueRequired\":true,\"valueName\":\"search_term_string\"}}],\"inLanguage\":\"fr-FR\"},{\"@type\":\"Organization\",\"@id\":\"https:\/\/terrepromise.be\/#organization\",\"name\":\"Terre Promise\",\"url\":\"https:\/\/terrepromise.be\/\",\"logo\":{\"@type\":\"ImageObject\",\"inLanguage\":\"fr-FR\",\"@id\":\"https:\/\/terrepromise.be\/#\/schema\/logo\/image\/\",\"url\":\"https:\/\/terrepromise.be\/wp-content\/uploads\/2023\/11\/tp.png\",\"contentUrl\":\"https:\/\/terrepromise.be\/wp-content\/uploads\/2023\/11\/tp.png\",\"width\":512,\"height\":364,\"caption\":\"Terre Promise\"},\"image\":{\"@id\":\"https:\/\/terrepromise.be\/#\/schema\/logo\/image\/\"},\"sameAs\":[\"https:\/\/www.instagram.com\/terrepromisecreations\/?hl=fr\"]}]}<\/script>\n<!-- \/ Yoast SEO plugin. -->","yoast_head_json":{"title":"Atacama Ride - Terre Promise","robots":{"index":"index","follow":"follow","max-snippet":"max-snippet:-1","max-image-preview":"max-image-preview:large","max-video-preview":"max-video-preview:-1"},"canonical":"https:\/\/terrepromise.be\/fr\/produit\/pure-atacama-ride\/","og_locale":"fr_FR","og_type":"article","og_title":"Atacama Ride - Terre Promise","og_description":"Les vastes \u00e9tendues du d\u00e9sert d\u2019Atacama ont inspir\u00e9 cette palette de couleurs douces et terreuses. Les nuances de beige clair, de gris p\u00e2le et de pigments brun\u00e2tres rappellent les paysages infinis et vari\u00e9s de cette r\u00e9gion aride du Chili. Cette finition capture l\u2019essence de la nature dans ses teintes subtiles, elle \u00e9voque la s\u00e9r\u00e9nit\u00e9 du d\u00e9sert et la beaut\u00e9 de sa simplicit\u00e9. Sa texture douce, aux variations d\u00e9licates, ajoute une dimension apaisante et min\u00e9rale \u00e0 votre int\u00e9rieur. La finition Atacama Ride est particuli\u00e8rement adapt\u00e9e aux espaces calmes et accueillants, tels que les chambres \u00e0 coucher ou les coins lecture.","og_url":"https:\/\/terrepromise.be\/fr\/produit\/pure-atacama-ride\/","og_site_name":"Terre Promise","article_modified_time":"2024-04-19T21:34:20+00:00","og_image":[{"width":661,"height":900,"url":"https:\/\/terrepromise.be\/wp-content\/uploads\/2023\/11\/Terre_Promise8965-1.jpg","type":"image\/jpeg"}],"twitter_card":"summary_large_image","twitter_misc":{"Dur\u00e9e de lecture estim\u00e9e":"3 minutes"},"schema":{"@context":"https:\/\/schema.org","@graph":[{"@type":"WebPage","@id":"https:\/\/terrepromise.be\/fr\/produit\/pure-atacama-ride\/","url":"https:\/\/terrepromise.be\/fr\/produit\/pure-atacama-ride\/","name":"Atacama Ride - Terre Promise","isPartOf":{"@id":"https:\/\/terrepromise.be\/#website"},"primaryImageOfPage":{"@id":"https:\/\/terrepromise.be\/fr\/produit\/pure-atacama-ride\/#primaryimage"},"image":{"@id":"https:\/\/terrepromise.be\/fr\/produit\/pure-atacama-ride\/#primaryimage"},"thumbnailUrl":"https:\/\/terrepromise.be\/wp-content\/uploads\/2023\/11\/Terre_Promise8965-1.jpg","datePublished":"2023-11-20T09:11:36+00:00","dateModified":"2024-04-19T21:34:20+00:00","breadcrumb":{"@id":"https:\/\/terrepromise.be\/fr\/produit\/pure-atacama-ride\/#breadcrumb"},"inLanguage":"fr-FR","potentialAction":[{"@type":"ReadAction","target":["https:\/\/terrepromise.be\/fr\/produit\/pure-atacama-ride\/"]}]},{"@type":"ImageObject","inLanguage":"fr-FR","@id":"https:\/\/terrepromise.be\/fr\/produit\/pure-atacama-ride\/#primaryimage","url":"https:\/\/terrepromise.be\/wp-content\/uploads\/2023\/11\/Terre_Promise8965-1.jpg","contentUrl":"https:\/\/terrepromise.be\/wp-content\/uploads\/2023\/11\/Terre_Promise8965-1.jpg","width":661,"height":900,"caption":"That helps visualize the soft finish, the beautiful light, and the overall harmony of our ceramic table lights."},{"@type":"BreadcrumbList","@id":"https:\/\/terrepromise.be\/fr\/produit\/pure-atacama-ride\/#breadcrumb","itemListElement":[{"@type":"ListItem","position":1,"name":"Home","item":"https:\/\/terrepromise.be\/fr\/"},{"@type":"ListItem","position":2,"name":"Catalogue","item":"https:\/\/terrepromise.be\/fr\/catalogue\/"},{"@type":"ListItem","position":3,"name":"Atacama Ride"}]},{"@type":"WebSite","@id":"https:\/\/terrepromise.be\/#website","url":"https:\/\/terrepromise.be\/","name":"Terre Promise","description":"Our creations awaken the imagination, inspire reverie and invite for a moment of pause by connecting you to nature and its organic materials.","publisher":{"@id":"https:\/\/terrepromise.be\/#organization"},"potentialAction":[{"@type":"SearchAction","target":{"@type":"EntryPoint","urlTemplate":"https:\/\/terrepromise.be\/?s={search_term_string}"},"query-input":{"@type":"PropertyValueSpecification","valueRequired":true,"valueName":"search_term_string"}}],"inLanguage":"fr-FR"},{"@type":"Organization","@id":"https:\/\/terrepromise.be\/#organization","name":"Terre Promise","url":"https:\/\/terrepromise.be\/","logo":{"@type":"ImageObject","inLanguage":"fr-FR","@id":"https:\/\/terrepromise.be\/#\/schema\/logo\/image\/","url":"https:\/\/terrepromise.be\/wp-content\/uploads\/2023\/11\/tp.png","contentUrl":"https:\/\/terrepromise.be\/wp-content\/uploads\/2023\/11\/tp.png","width":512,"height":364,"caption":"Terre Promise"},"image":{"@id":"https:\/\/terrepromise.be\/#\/schema\/logo\/image\/"},"sameAs":["https:\/\/www.instagram.com\/terrepromisecreations\/?hl=fr"]}]}},"_links":{"self":[{"href":"https:\/\/terrepromise.be\/fr\/wp-json\/wp\/v2\/product\/29563","targetHints":{"allow":["GET"]}}],"collection":[{"href":"https:\/\/terrepromise.be\/fr\/wp-json\/wp\/v2\/product"}],"about":[{"href":"https:\/\/terrepromise.be\/fr\/wp-json\/wp\/v2\/types\/product"}],"wp:featuredmedia":[{"embeddable":true,"href":"https:\/\/terrepromise.be\/fr\/wp-json\/wp\/v2\/media\/29427"}],"wp:attachment":[{"href":"https:\/\/terrepromise.be\/fr\/wp-json\/wp\/v2\/media?parent=29563"}],"wp:term":[{"taxonomy":"product_brand","embeddable":true,"href":"https:\/\/terrepromise.be\/fr\/wp-json\/wp\/v2\/product_brand?post=29563"},{"taxonomy":"product_cat","embeddable":true,"href":"https:\/\/terrepromise.be\/fr\/wp-json\/wp\/v2\/product_cat?post=29563"},{"taxonomy":"product_tag","embeddable":true,"href":"https:\/\/terrepromise.be\/fr\/wp-json\/wp\/v2\/product_tag?post=29563"}],"curies":[{"name":"wp","href":"https:\/\/api.w.org\/{rel}","templated":true}]}}