{"id":29569,"date":"2023-11-02T10:34:16","date_gmt":"2023-11-02T09:34:16","guid":{"rendered":"https:\/\/terrepromise.be\/privacy-policy\/"},"modified":"2023-12-11T14:36:04","modified_gmt":"2023-12-11T13:36:04","slug":"politique-de-confidentialite","status":"publish","type":"page","link":"https:\/\/terrepromise.be\/fr\/politique-de-confidentialite\/","title":{"rendered":"Politique de confidentialit\u00e9"},"content":{"rendered":"\r\n<h2 class=\"wp-block-heading\">Qui sommes-nous ?<\/h2>\r\n<p>Le site terrepromise.be est la propri\u00e9t\u00e9 de Dereck Daubechies en sa qualit\u00e9 de fondateur.<\/p>\r\n<p>Pour toute question, veuillez contacter hello@terrepromise.be<\/p>\r\n<p>L&rsquo;Utilisateur reconna\u00eet avoir pris connaissance de la pr\u00e9sente notice l\u00e9gale et s&rsquo;engage \u00e0 la respecter. L&rsquo;Utilisateur reconna\u00eet \u00eatre parfaitement inform\u00e9 du fait que son accord concernant le contenu des pr\u00e9sentes Conditions G\u00e9n\u00e9rales ne n\u00e9cessite pas la signature manuscrite de ce document, mais r\u00e9sulte de sa seule consultation du Site.<\/p>\r\n\r\n\r\n\r\n\r\n\r\n<h2 class=\"wp-block-heading\">Commentaires<\/h2>\r\n<p>Lorsque des visiteurs laissent des commentaires sur le site, nous recueillons les donn\u00e9es figurant dans le formulaire de commentaires, ainsi que l&rsquo;adresse IP du visiteur et la cha\u00eene de l&rsquo;agent utilisateur du navigateur pour faciliter la d\u00e9tection des spams.<\/p>\r\n<p>Une cha\u00eene anonyme cr\u00e9\u00e9e \u00e0 partir de votre adresse \u00e9lectronique (\u00e9galement appel\u00e9e \u00ab\u00a0hash\u00a0\u00bb) peut \u00eatre fournie au service Gravatar pour v\u00e9rifier si vous l&rsquo;utilisez. La politique de confidentialit\u00e9 du service Gravatar est disponible ici : https:\/\/automattic.com\/privacy\/.<\/p>\r\n\r\n\r\n\r\n\r\n\r\n<h2 class=\"wp-block-heading\">Obligations \/ Responsabilit\u00e9 de l\u2019Utilisateur<\/h2>\r\n<p>L\u2019Utilisateur s\u2019interdit notamment de :<br \/>communiquer des informations :<br \/>\u2013 fausses, impr\u00e9cises, mensong\u00e8res ;<br \/>\u2013 diffamatoires, m\u00e9disantes ou calomnieuses ;<br \/>\u2013 qui portent atteinte aux droits d\u2019auteurs, aux droits des brevets, aux droits des marques, aux secrets de fabrication, aux autres droits de propri\u00e9t\u00e9 intellectuelle, au droit de divulgation ou \u00e0 la vie priv\u00e9e des tiers ;<br \/>\u2013 qui enfreignent la loi belge et\/ou applicable ;<br \/>\u2013 qui contiennent des virus, chevaux de Troie, \u00ab worms \u00bb, bombe \u00e0 retardement, \u00ab cancelbots \u00bb ou tout autre programme informatique visant \u00e0 endommager ou \u00e0 intercepter clandestinement tout syst\u00e8me informatique, donn\u00e9es ou informations nominatives ; tenter d\u2019induire en erreur d\u2019autres utilisateurs en usurpant l\u2019identit\u00e9 ou une d\u00e9nomination sociale ou en portant atteinte \u00e0 l\u2019image ou \u00e0 la r\u00e9putation d\u2019autres personnes et\/ou en se faisant passer pour un tiers ou pour un employ\u00e9, un service habilit\u00e9 ou un affili\u00e9 de Terre Promise ; perturber, ralentir, bloquer ou alt\u00e9rer le flux normal des donn\u00e9es \u00e9chang\u00e9es dans le cadre du Site ; acc\u00e9der frauduleusement, se maintenir, entraver ou perturber les syst\u00e8mes d\u2019information de Terre Promise et notamment les serveurs, les r\u00e9seaux connect\u00e9s au Site, ou refuser de se conformer aux conditions requises, aux proc\u00e9dures, aux r\u00e8gles g\u00e9n\u00e9rales ou aux dispositions r\u00e9glementaires applicables aux r\u00e9seaux.<\/p>\r\n<p>L\u2019Utilisateur s\u2019engage \u00e0 respecter les dispositions l\u00e9gales en la mati\u00e8re, applicables aux informations circulant sur Internet et\/ou le Site et demeurera en tout \u00e9tat de cause seul responsable des atteintes aux droits de tiers qui pourraient r\u00e9sulter de son utilisation du Site. L\u2019Utilisateur est seul juge de sa facult\u00e9, l\u00e9gale, contractuelle et\/ou judiciaire \u00e0 acc\u00e9der au Site et\/ou utiliser le Site. \u00c0 ce titre, en utilisant le Site, l\u2019Utilisateur reconnait qu\u2019il ne viole aucune disposition l\u00e9gale, contractuelle ou statutaire. L\u2019Utilisateur s\u2019engage \u00e0 utiliser le Site et les Services \u00e0 des fins conformes \u00e0 l\u2019ordre public, la s\u00e9curit\u00e9 publique et aux bonnes m\u0153urs et demeurera en tout \u00e9tat de cause seul responsable des \u00e9ventuelles atteintes \u00e0 l\u2019ordre public, \u00e0 la s\u00e9curit\u00e9 publique et aux bonnes m\u0153urs qui pourraient r\u00e9sulter de son utilisation du Site.<\/p>\r\n<p>De mani\u00e8re g\u00e9n\u00e9rale, l\u2019Utilisateur garantit Terre Promise contre toute r\u00e9clamation, action et\/ou revendication dont elle pourrait faire l\u2019objet \u00e0 ce titre et s\u2019engage, \u00e0 ce titre, \u00e0 prendre \u00e0 charge l\u2019ensemble des sommes, dommages et int\u00e9r\u00eats, frais, honoraires d\u2019avocat et d\u00e9pens auxquels pourrait \u00eatre condamn\u00e9 Terre Promise.<\/p>\r\n\r\n\r\n\r\n<h2 class=\"wp-block-heading\">Droits d\u2019auteur \/ Copyright<\/h2>\r\n<p>La structure g\u00e9n\u00e9rale, ainsi que les logiciels, textes, images anim\u00e9es ou non, sons, savoirs-faire\u2026 et tous les autres \u00e9l\u00e9ments composant le Site sont la propri\u00e9t\u00e9 exclusive de Terre Promise ou de ses partenaires.<\/p>\r\n<p>Toute repr\u00e9sentation totale ou partielle de ce site, sans l\u2019autorisation expresse de l\u2019exploitant du site, est interdite et constituerait une contrefa\u00e7on.<\/p>\r\n<p>Les marques de Terre Promise et de ses partenaires, ainsi que les logos figurant sur le site sont des marques semi-figuratives ou non et sont d\u00e9pos\u00e9es. Toute reproduction totale ou partielle de ces marques ou de ces logos, effectu\u00e9e \u00e0 partir des \u00e9l\u00e9ments du site sans l\u2019autorisation expresse de l\u2019exploitant du site web est donc prohib\u00e9e.<\/p>\r\n<p>Les pr\u00e9sentes Conditions G\u00e9n\u00e9rales n\u2019emportent aucune cession d\u2019aucune sorte de droit de propri\u00e9t\u00e9 intellectuelle sur les \u00e9l\u00e9ments appartenant \u00e0 Terre Promise, ou ayants droit tels que les sons, vid\u00e9os, photographies, images, textes litt\u00e9raires, travaux artistiques, logiciels, marques, chartes graphiques, logos au b\u00e9n\u00e9fice de l\u2019Utilisateur. Toute autre utilisation, non express\u00e9ment autoris\u00e9e par \u00e9crit et au pr\u00e9alable par Terre Promise est prohib\u00e9e et constitutive de contrefa\u00e7on.<\/p>\r\n<h2>Cookies<\/h2>\r\n\r\n\r\n\r\n<p>Si vous laissez un commentaire sur notre site, vous pouvez accepter que votre nom, votre adresse \u00e9lectronique et votre site web soient enregistr\u00e9s dans des cookies. Ces cookies sont destin\u00e9s \u00e0 vous faciliter la t\u00e2che, de sorte que vous n&rsquo;ayez pas \u00e0 fournir \u00e0 nouveau vos coordonn\u00e9es lorsque vous laissez un autre commentaire. Ces cookies ont une dur\u00e9e de vie d&rsquo;un an.<\/p>\r\n<p>Si vous visitez notre page de connexion, nous installerons un cookie temporaire pour d\u00e9terminer si votre navigateur accepte les cookies. Ce cookie ne contient aucune donn\u00e9e personnelle et est supprim\u00e9 lorsque vous fermez votre navigateur.<\/p>\r\n<p>Lorsque vous vous connectez, nous installons \u00e9galement plusieurs cookies pour enregistrer vos informations de connexion et vos choix d&rsquo;affichage \u00e0 l&rsquo;\u00e9cran. Les cookies de connexion ont une dur\u00e9e de vie de deux jours et les cookies d&rsquo;options d&rsquo;\u00e9cran ont une dur\u00e9e de vie d&rsquo;un an. Si vous s\u00e9lectionnez l&rsquo;option \u00ab\u00a0Se souvenir de moi\u00a0\u00bb, votre connexion sera conserv\u00e9e pendant deux semaines. Si vous vous d\u00e9connectez de votre compte, les cookies de connexion seront supprim\u00e9s.<\/p>\r\n<p>Si vous modifiez ou publiez un article, un cookie suppl\u00e9mentaire sera enregistr\u00e9 dans votre navigateur. Ce cookie ne contient aucune donn\u00e9e personnelle et indique simplement l&rsquo;ID de l&rsquo;article que vous venez de modifier. Il expire au bout d&rsquo;un jour.<\/p>\r\n<p>Contenu int\u00e9gr\u00e9 d&rsquo;autres sites web<\/p>\r\n<p>Les articles de ce site peuvent contenir du contenu int\u00e9gr\u00e9 (par exemple des vid\u00e9os, des images, des articles, etc.). Le contenu int\u00e9gr\u00e9 provenant d&rsquo;autres sites web se comporte exactement de la m\u00eame mani\u00e8re que si le visiteur s&rsquo;\u00e9tait rendu sur l&rsquo;autre site web.<\/p>\r\n<p>Ces sites web peuvent collecter des donn\u00e9es vous concernant, utiliser des cookies, int\u00e9grer un suivi suppl\u00e9mentaire par des tiers et surveiller votre interaction avec ce contenu int\u00e9gr\u00e9, y compris votre interaction avec le contenu int\u00e9gr\u00e9 si vous avez un compte et que vous \u00eates connect\u00e9 \u00e0 ce site web.<\/p>\r\n\r\n\r\n\r\n<h2 class=\"wp-block-heading\">Avec qui partageons-nous vos donn\u00e9es ?<\/h2>\r\n\r\n\r\n\r\n<p>Nous ne partageons vos donn\u00e9es que pour permettre \u00e0 notre site web de fonctionner correctement. Par exemple, les commentaires des visiteurs peuvent \u00eatre v\u00e9rifi\u00e9s par un service automatis\u00e9 de d\u00e9tection des spams. Si vous demandez une r\u00e9initialisation de votre mot de passe, votre adresse IP sera incluse dans l&rsquo;e-mail de r\u00e9initialisation.<\/p>\r\n\r\n\r\n\r\n<h2 class=\"wp-block-heading\">Dur\u00e9e de conservation des donn\u00e9es<\/h2>\r\n<p>Si vous laissez un commentaire, celui-ci et ses m\u00e9tadonn\u00e9es sont conserv\u00e9s ind\u00e9finiment. Cela nous permet de reconna\u00eetre et d&rsquo;approuver automatiquement les commentaires ult\u00e9rieurs au lieu de les conserver dans une file d&rsquo;attente de mod\u00e9ration.<\/p>\r\n<p>Pour les utilisateurs qui s&rsquo;inscrivent sur notre site web (le cas \u00e9ch\u00e9ant), nous stockons \u00e9galement les informations personnelles qu&rsquo;ils fournissent dans leur profil d&rsquo;utilisateur. Tous les utilisateurs peuvent voir, modifier ou supprimer leurs informations personnelles \u00e0 tout moment (sauf qu&rsquo;ils ne peuvent pas changer leur nom d&rsquo;utilisateur). Les administrateurs du site web peuvent \u00e9galement consulter et modifier ces informations.<\/p>\r\n\r\n\r\n\r\n\r\n\r\n<h2 class=\"wp-block-heading\">Quels sont les droits dont vous disposez sur vos donn\u00e9es ?<\/h2>\r\n\r\n\r\n\r\n<p>Si vous avez un compte sur ce site, ou si vous avez compl\u00e9t\u00e9 un formulaire, vous pouvez demander \u00e0 recevoir un fichier export\u00e9 des donn\u00e9es personnelles que nous d\u00e9tenons \u00e0 votre sujet, y compris toutes les donn\u00e9es que vous nous avez fournies. Vous pouvez \u00e9galement nous demander d&rsquo;effacer toutes les donn\u00e9es personnelles que nous d\u00e9tenons \u00e0 votre sujet. Cela n&rsquo;inclut pas les donn\u00e9es que nous sommes oblig\u00e9s de conserver \u00e0 des fins administratives, juridiques ou de s\u00e9curit\u00e9.<\/p>\r\n\r\n\r\n\r\n<p>&nbsp;<\/p>\r\n","protected":false},"excerpt":{"rendered":"<p>Qui sommes-nous ? Le site terrepromise.be est la propri\u00e9t\u00e9 de Dereck Daubechies en sa qualit\u00e9 de fondateur. Pour toute question, veuillez contacter hello@terrepromise.be L&rsquo;Utilisateur reconna\u00eet avoir pris connaissance de la&#8230;<\/p>\n","protected":false},"author":1,"featured_media":0,"parent":0,"menu_order":0,"comment_status":"closed","ping_status":"open","template":"","meta":{"inline_featured_image":false,"footnotes":""},"class_list":["post-29569","page","type-page","status-publish"],"yoast_head":"<!-- This site is optimized with the Yoast SEO plugin v27.0 - https:\/\/yoast.com\/product\/yoast-seo-wordpress\/ -->\n<title>Politique de confidentialit\u00e9 - Terre Promise<\/title>\n<meta name=\"robots\" content=\"index, follow, max-snippet:-1, max-image-preview:large, max-video-preview:-1\" \/>\n<link rel=\"canonical\" href=\"https:\/\/terrepromise.be\/fr\/politique-de-confidentialite\/\" \/>\n<meta property=\"og:locale\" content=\"fr_FR\" \/>\n<meta property=\"og:type\" content=\"article\" \/>\n<meta property=\"og:title\" content=\"Politique de confidentialit\u00e9 - Terre Promise\" \/>\n<meta property=\"og:description\" content=\"Qui sommes-nous ? Le site terrepromise.be est la propri\u00e9t\u00e9 de Dereck Daubechies en sa qualit\u00e9 de fondateur. Pour toute question, veuillez contacter hello@terrepromise.be L&rsquo;Utilisateur reconna\u00eet avoir pris connaissance de la...\" \/>\n<meta property=\"og:url\" content=\"https:\/\/terrepromise.be\/fr\/politique-de-confidentialite\/\" \/>\n<meta property=\"og:site_name\" content=\"Terre Promise\" \/>\n<meta property=\"article:modified_time\" content=\"2023-12-11T13:36:04+00:00\" \/>\n<meta name=\"twitter:card\" content=\"summary_large_image\" \/>\n<meta name=\"twitter:label1\" content=\"Dur\u00e9e de lecture estim\u00e9e\" \/>\n\t<meta name=\"twitter:data1\" content=\"7 minutes\" \/>\n<script type=\"application\/ld+json\" class=\"yoast-schema-graph\">{\"@context\":\"https:\/\/schema.org\",\"@graph\":[{\"@type\":\"WebPage\",\"@id\":\"https:\/\/terrepromise.be\/fr\/politique-de-confidentialite\/\",\"url\":\"https:\/\/terrepromise.be\/fr\/politique-de-confidentialite\/\",\"name\":\"Politique de confidentialit\u00e9 - Terre Promise\",\"isPartOf\":{\"@id\":\"https:\/\/terrepromise.be\/#website\"},\"datePublished\":\"2023-11-02T09:34:16+00:00\",\"dateModified\":\"2023-12-11T13:36:04+00:00\",\"breadcrumb\":{\"@id\":\"https:\/\/terrepromise.be\/fr\/politique-de-confidentialite\/#breadcrumb\"},\"inLanguage\":\"fr-FR\",\"potentialAction\":[{\"@type\":\"ReadAction\",\"target\":[\"https:\/\/terrepromise.be\/fr\/politique-de-confidentialite\/\"]}]},{\"@type\":\"BreadcrumbList\",\"@id\":\"https:\/\/terrepromise.be\/fr\/politique-de-confidentialite\/#breadcrumb\",\"itemListElement\":[{\"@type\":\"ListItem\",\"position\":1,\"name\":\"Home\",\"item\":\"https:\/\/terrepromise.be\/fr\/\"},{\"@type\":\"ListItem\",\"position\":2,\"name\":\"Politique de confidentialit\u00e9\"}]},{\"@type\":\"WebSite\",\"@id\":\"https:\/\/terrepromise.be\/#website\",\"url\":\"https:\/\/terrepromise.be\/\",\"name\":\"Terre Promise\",\"description\":\"Our creations awaken the imagination, inspire reverie and invite for a moment of pause by connecting you to nature and its organic materials.\",\"publisher\":{\"@id\":\"https:\/\/terrepromise.be\/#organization\"},\"potentialAction\":[{\"@type\":\"SearchAction\",\"target\":{\"@type\":\"EntryPoint\",\"urlTemplate\":\"https:\/\/terrepromise.be\/?s={search_term_string}\"},\"query-input\":{\"@type\":\"PropertyValueSpecification\",\"valueRequired\":true,\"valueName\":\"search_term_string\"}}],\"inLanguage\":\"fr-FR\"},{\"@type\":\"Organization\",\"@id\":\"https:\/\/terrepromise.be\/#organization\",\"name\":\"Terre Promise\",\"url\":\"https:\/\/terrepromise.be\/\",\"logo\":{\"@type\":\"ImageObject\",\"inLanguage\":\"fr-FR\",\"@id\":\"https:\/\/terrepromise.be\/#\/schema\/logo\/image\/\",\"url\":\"https:\/\/terrepromise.be\/wp-content\/uploads\/2023\/11\/tp.png\",\"contentUrl\":\"https:\/\/terrepromise.be\/wp-content\/uploads\/2023\/11\/tp.png\",\"width\":512,\"height\":364,\"caption\":\"Terre Promise\"},\"image\":{\"@id\":\"https:\/\/terrepromise.be\/#\/schema\/logo\/image\/\"},\"sameAs\":[\"https:\/\/www.instagram.com\/terrepromisecreations\/?hl=fr\"]}]}<\/script>\n<!-- \/ Yoast SEO plugin. -->","yoast_head_json":{"title":"Politique de confidentialit\u00e9 - Terre Promise","robots":{"index":"index","follow":"follow","max-snippet":"max-snippet:-1","max-image-preview":"max-image-preview:large","max-video-preview":"max-video-preview:-1"},"canonical":"https:\/\/terrepromise.be\/fr\/politique-de-confidentialite\/","og_locale":"fr_FR","og_type":"article","og_title":"Politique de confidentialit\u00e9 - Terre Promise","og_description":"Qui sommes-nous ? Le site terrepromise.be est la propri\u00e9t\u00e9 de Dereck Daubechies en sa qualit\u00e9 de fondateur. Pour toute question, veuillez contacter hello@terrepromise.be L&rsquo;Utilisateur reconna\u00eet avoir pris connaissance de la...","og_url":"https:\/\/terrepromise.be\/fr\/politique-de-confidentialite\/","og_site_name":"Terre Promise","article_modified_time":"2023-12-11T13:36:04+00:00","twitter_card":"summary_large_image","twitter_misc":{"Dur\u00e9e de lecture estim\u00e9e":"7 minutes"},"schema":{"@context":"https:\/\/schema.org","@graph":[{"@type":"WebPage","@id":"https:\/\/terrepromise.be\/fr\/politique-de-confidentialite\/","url":"https:\/\/terrepromise.be\/fr\/politique-de-confidentialite\/","name":"Politique de confidentialit\u00e9 - Terre Promise","isPartOf":{"@id":"https:\/\/terrepromise.be\/#website"},"datePublished":"2023-11-02T09:34:16+00:00","dateModified":"2023-12-11T13:36:04+00:00","breadcrumb":{"@id":"https:\/\/terrepromise.be\/fr\/politique-de-confidentialite\/#breadcrumb"},"inLanguage":"fr-FR","potentialAction":[{"@type":"ReadAction","target":["https:\/\/terrepromise.be\/fr\/politique-de-confidentialite\/"]}]},{"@type":"BreadcrumbList","@id":"https:\/\/terrepromise.be\/fr\/politique-de-confidentialite\/#breadcrumb","itemListElement":[{"@type":"ListItem","position":1,"name":"Home","item":"https:\/\/terrepromise.be\/fr\/"},{"@type":"ListItem","position":2,"name":"Politique de confidentialit\u00e9"}]},{"@type":"WebSite","@id":"https:\/\/terrepromise.be\/#website","url":"https:\/\/terrepromise.be\/","name":"Terre Promise","description":"Our creations awaken the imagination, inspire reverie and invite for a moment of pause by connecting you to nature and its organic materials.","publisher":{"@id":"https:\/\/terrepromise.be\/#organization"},"potentialAction":[{"@type":"SearchAction","target":{"@type":"EntryPoint","urlTemplate":"https:\/\/terrepromise.be\/?s={search_term_string}"},"query-input":{"@type":"PropertyValueSpecification","valueRequired":true,"valueName":"search_term_string"}}],"inLanguage":"fr-FR"},{"@type":"Organization","@id":"https:\/\/terrepromise.be\/#organization","name":"Terre Promise","url":"https:\/\/terrepromise.be\/","logo":{"@type":"ImageObject","inLanguage":"fr-FR","@id":"https:\/\/terrepromise.be\/#\/schema\/logo\/image\/","url":"https:\/\/terrepromise.be\/wp-content\/uploads\/2023\/11\/tp.png","contentUrl":"https:\/\/terrepromise.be\/wp-content\/uploads\/2023\/11\/tp.png","width":512,"height":364,"caption":"Terre Promise"},"image":{"@id":"https:\/\/terrepromise.be\/#\/schema\/logo\/image\/"},"sameAs":["https:\/\/www.instagram.com\/terrepromisecreations\/?hl=fr"]}]}},"_links":{"self":[{"href":"https:\/\/terrepromise.be\/fr\/wp-json\/wp\/v2\/pages\/29569","targetHints":{"allow":["GET"]}}],"collection":[{"href":"https:\/\/terrepromise.be\/fr\/wp-json\/wp\/v2\/pages"}],"about":[{"href":"https:\/\/terrepromise.be\/fr\/wp-json\/wp\/v2\/types\/page"}],"author":[{"embeddable":true,"href":"https:\/\/terrepromise.be\/fr\/wp-json\/wp\/v2\/users\/1"}],"replies":[{"embeddable":true,"href":"https:\/\/terrepromise.be\/fr\/wp-json\/wp\/v2\/comments?post=29569"}],"version-history":[{"count":2,"href":"https:\/\/terrepromise.be\/fr\/wp-json\/wp\/v2\/pages\/29569\/revisions"}],"predecessor-version":[{"id":29579,"href":"https:\/\/terrepromise.be\/fr\/wp-json\/wp\/v2\/pages\/29569\/revisions\/29579"}],"wp:attachment":[{"href":"https:\/\/terrepromise.be\/fr\/wp-json\/wp\/v2\/media?parent=29569"}],"curies":[{"name":"wp","href":"https:\/\/api.w.org\/{rel}","templated":true}]}}