{"id":29502,"date":"2023-11-16T13:45:06","date_gmt":"2023-11-16T12:45:06","guid":{"rendered":"https:\/\/terrepromise.be\/warranties\/"},"modified":"2024-04-19T23:21:41","modified_gmt":"2024-04-19T21:21:41","slug":"garanties","status":"publish","type":"page","link":"https:\/\/terrepromise.be\/fr\/garanties\/","title":{"rendered":"Garanties"},"content":{"rendered":"[vc_row type=\u00a0\u00bbin_container\u00a0\u00bb full_screen_row_position=\u00a0\u00bbmiddle\u00a0\u00bb column_margin=\u00a0\u00bb100px\u00a0\u00bb column_direction=\u00a0\u00bbdefault\u00a0\u00bb column_direction_tablet=\u00a0\u00bbdefault\u00a0\u00bb column_direction_phone=\u00a0\u00bbdefault\u00a0\u00bb scene_position=\u00a0\u00bbcenter\u00a0\u00bb text_color=\u00a0\u00bbdark\u00a0\u00bb text_align=\u00a0\u00bbleft\u00a0\u00bb row_border_radius=\u00a0\u00bbnone\u00a0\u00bb row_border_radius_applies=\u00a0\u00bbbg\u00a0\u00bb overflow=\u00a0\u00bbvisible\u00a0\u00bb overlay_strength=\u00a0\u00bb0.3&Prime; gradient_direction=\u00a0\u00bbleft_to_right\u00a0\u00bb shape_divider_position=\u00a0\u00bbbottom\u00a0\u00bb bg_image_animation=\u00a0\u00bbnone\u00a0\u00bb gradient_type=\u00a0\u00bbdefault\u00a0\u00bb shape_type=\u00a0\u00bb\u00a0\u00bb][vc_column column_padding=\u00a0\u00bbno-extra-padding\u00a0\u00bb column_padding_tablet=\u00a0\u00bbinherit\u00a0\u00bb column_padding_phone=\u00a0\u00bbinherit\u00a0\u00bb column_padding_position=\u00a0\u00bball\u00a0\u00bb column_element_direction_desktop=\u00a0\u00bbdefault\u00a0\u00bb column_element_spacing=\u00a0\u00bb40px\u00a0\u00bb desktop_text_alignment=\u00a0\u00bbdefault\u00a0\u00bb tablet_text_alignment=\u00a0\u00bbdefault\u00a0\u00bb phone_text_alignment=\u00a0\u00bbdefault\u00a0\u00bb background_color_opacity=\u00a0\u00bb1&Prime; background_hover_color_opacity=\u00a0\u00bb1&Prime; column_backdrop_filter=\u00a0\u00bbnone\u00a0\u00bb column_shadow=\u00a0\u00bbnone\u00a0\u00bb column_border_radius=\u00a0\u00bbnone\u00a0\u00bb column_link_target=\u00a0\u00bb_self\u00a0\u00bb column_position=\u00a0\u00bbdefault\u00a0\u00bb gradient_direction=\u00a0\u00bbleft_to_right\u00a0\u00bb overlay_strength=\u00a0\u00bb0.3&Prime; width=\u00a0\u00bb1\/2&Prime; tablet_width_inherit=\u00a0\u00bbdefault\u00a0\u00bb animation_type=\u00a0\u00bbdefault\u00a0\u00bb bg_image_animation=\u00a0\u00bbnone\u00a0\u00bb border_type=\u00a0\u00bbsimple\u00a0\u00bb column_border_width=\u00a0\u00bbnone\u00a0\u00bb column_border_style=\u00a0\u00bbsolid\u00a0\u00bb column_padding_type=\u00a0\u00bbdefault\u00a0\u00bb gradient_type=\u00a0\u00bbdefault\u00a0\u00bb][vc_row_inner column_margin=\u00a0\u00bbdefault\u00a0\u00bb column_direction=\u00a0\u00bbdefault\u00a0\u00bb column_direction_tablet=\u00a0\u00bbdefault\u00a0\u00bb column_direction_phone=\u00a0\u00bbdefault\u00a0\u00bb text_align=\u00a0\u00bbleft\u00a0\u00bb row_position=\u00a0\u00bbdefault\u00a0\u00bb row_position_tablet=\u00a0\u00bbinherit\u00a0\u00bb row_position_phone=\u00a0\u00bbinherit\u00a0\u00bb overflow=\u00a0\u00bbvisible\u00a0\u00bb pointer_events=\u00a0\u00bball\u00a0\u00bb][vc_column_inner column_padding=\u00a0\u00bbno-extra-padding\u00a0\u00bb column_padding_tablet=\u00a0\u00bbinherit\u00a0\u00bb column_padding_phone=\u00a0\u00bbinherit\u00a0\u00bb column_padding_position=\u00a0\u00bball\u00a0\u00bb column_element_direction_desktop=\u00a0\u00bbdefault\u00a0\u00bb column_element_spacing=\u00a0\u00bb5px\u00a0\u00bb desktop_text_alignment=\u00a0\u00bbdefault\u00a0\u00bb tablet_text_alignment=\u00a0\u00bbdefault\u00a0\u00bb phone_text_alignment=\u00a0\u00bbdefault\u00a0\u00bb background_color_opacity=\u00a0\u00bb1&Prime; background_hover_color_opacity=\u00a0\u00bb1&Prime; column_backdrop_filter=\u00a0\u00bbnone\u00a0\u00bb column_shadow=\u00a0\u00bbnone\u00a0\u00bb column_border_radius=\u00a0\u00bbnone\u00a0\u00bb column_link_target=\u00a0\u00bb_self\u00a0\u00bb overflow=\u00a0\u00bbvisible\u00a0\u00bb gradient_direction=\u00a0\u00bbleft_to_right\u00a0\u00bb overlay_strength=\u00a0\u00bb0.3&Prime; width=\u00a0\u00bb1\/1&Prime; tablet_width_inherit=\u00a0\u00bbdefault\u00a0\u00bb animation_type=\u00a0\u00bbdefault\u00a0\u00bb bg_image_animation=\u00a0\u00bbnone\u00a0\u00bb border_type=\u00a0\u00bbsimple\u00a0\u00bb column_border_width=\u00a0\u00bbnone\u00a0\u00bb column_border_style=\u00a0\u00bbsolid\u00a0\u00bb column_padding_type=\u00a0\u00bbdefault\u00a0\u00bb gradient_type=\u00a0\u00bbdefault\u00a0\u00bb][nectar_responsive_text]\n<h2>Garanties<\/h2>\n[\/nectar_responsive_text][divider line_type=\u00a0\u00bbNo Line\u00a0\u00bb custom_height=\u00a0\u00bb20&Prime;][nectar_responsive_text]\n<h4>Notre programme S\u00e9r\u00e9nit\u00e9<\/h4>\n<p>Nous savons que le meilleur moyen de faire le bon choix en mati\u00e8re de d\u00e9coration est d&rsquo;essayer les objets dans leur nouvel environnement. Ainsi, nous vous offrons 100 jours pour retourner votre achat. Si vous avez l&rsquo;impression que votre luminaires ne s&rsquo;int\u00e8gre pas parfaitement \u00e0 votre d\u00e9coration, nous vous aiderons \u00e0 le retourner ou \u00e0 l&rsquo;\u00e9changer.[\/nectar_responsive_text][\/vc_column_inner][\/vc_row_inner][divider line_type=\u00a0\u00bbNo Line\u00a0\u00bb custom_height=\u00a0\u00bb20&Prime;][nectar_responsive_text]\n<h4>Assurance tout compris<\/h4>\n<p>Nous sommes extr\u00eamement fiers de notre savoir-faire qui permet de cr\u00e9er des produits durables. C&rsquo;est pourquoi nous offrons une garantie de 5 ans sur toutes nos lampes, y compris les ampoules. Il vous suffit d&rsquo;enregistrer votre produit, et si votre luminaire ou vos ampoules fonctionnent mal ou se cassent anormalement, nous les r\u00e9parerons ou les remplacerons.<\/p>\n<p>Pour b\u00e9n\u00e9ficier de cette garanties compl\u00e8te, merci d&rsquo;enregistrer votre exemplaire ici[\/nectar_responsive_text][divider line_type=\u00a0\u00bbNo Line\u00a0\u00bb custom_height=\u00a0\u00bb20&Prime;][\/vc_column][vc_column column_padding=\u00a0\u00bbno-extra-padding\u00a0\u00bb column_padding_tablet=\u00a0\u00bbinherit\u00a0\u00bb column_padding_phone=\u00a0\u00bbinherit\u00a0\u00bb column_padding_position=\u00a0\u00bball\u00a0\u00bb column_element_direction_desktop=\u00a0\u00bbdefault\u00a0\u00bb column_element_spacing=\u00a0\u00bbdefault\u00a0\u00bb desktop_text_alignment=\u00a0\u00bbdefault\u00a0\u00bb tablet_text_alignment=\u00a0\u00bbdefault\u00a0\u00bb phone_text_alignment=\u00a0\u00bbdefault\u00a0\u00bb background_color_opacity=\u00a0\u00bb1&Prime; background_hover_color_opacity=\u00a0\u00bb1&Prime; column_backdrop_filter=\u00a0\u00bbnone\u00a0\u00bb column_shadow=\u00a0\u00bbnone\u00a0\u00bb column_border_radius=\u00a0\u00bbnone\u00a0\u00bb column_link_target=\u00a0\u00bb_self\u00a0\u00bb column_position=\u00a0\u00bbdefault\u00a0\u00bb gradient_direction=\u00a0\u00bbleft_to_right\u00a0\u00bb overlay_strength=\u00a0\u00bb0.3&Prime; width=\u00a0\u00bb1\/2&Prime; tablet_width_inherit=\u00a0\u00bbdefault\u00a0\u00bb animation_type=\u00a0\u00bbdefault\u00a0\u00bb bg_image_animation=\u00a0\u00bbnone\u00a0\u00bb border_type=\u00a0\u00bbsimple\u00a0\u00bb column_border_width=\u00a0\u00bbnone\u00a0\u00bb column_border_style=\u00a0\u00bbsolid\u00a0\u00bb]\n<div class=\"wpcf7 no-js\" id=\"wpcf7-f29618-o1\" lang=\"fr-FR\" dir=\"ltr\" data-wpcf7-id=\"29618\">\n<div class=\"screen-reader-response\"><p role=\"status\" aria-live=\"polite\" aria-atomic=\"true\"><\/p> <ul><\/ul><\/div>\n<form action=\"\/fr\/wp-json\/wp\/v2\/pages\/29502#wpcf7-f29618-o1\" method=\"post\" class=\"wpcf7-form init\" aria-label=\"Formulaire de contact\" novalidate=\"novalidate\" data-status=\"init\">\n<fieldset class=\"hidden-fields-container\"><input type=\"hidden\" name=\"_wpcf7\" value=\"29618\" \/><input type=\"hidden\" name=\"_wpcf7_version\" value=\"6.1.5\" \/><input type=\"hidden\" name=\"_wpcf7_locale\" value=\"fr_FR\" \/><input type=\"hidden\" name=\"_wpcf7_unit_tag\" value=\"wpcf7-f29618-o1\" \/><input type=\"hidden\" name=\"_wpcf7_container_post\" value=\"0\" \/><input type=\"hidden\" name=\"_wpcf7_posted_data_hash\" value=\"\" \/><input type=\"hidden\" name=\"_wpcf7_recaptcha_response\" value=\"\" \/>\n<\/fieldset>\n<p><label> Votre nom<br \/>\n<span class=\"wpcf7-form-control-wrap\" data-name=\"your-name\"><input size=\"40\" maxlength=\"400\" class=\"wpcf7-form-control wpcf7-text wpcf7-validates-as-required\" autocomplete=\"name\" aria-required=\"true\" aria-invalid=\"false\" value=\"\" type=\"text\" name=\"your-name\" \/><\/span> <\/label>\n<\/p>\n<p><label> Votre pr\u00e9nom<br \/>\n<span class=\"wpcf7-form-control-wrap\" data-name=\"your-firstname\"><input size=\"40\" maxlength=\"400\" class=\"wpcf7-form-control wpcf7-text wpcf7-validates-as-required\" autocomplete=\"name\" aria-required=\"true\" aria-invalid=\"false\" value=\"\" type=\"text\" name=\"your-firstname\" \/><\/span> <\/label>\n<\/p>\n<p><label> Je suis<br \/>\n<span class=\"wpcf7-form-control-wrap\" data-name=\"Privat-Company\"><select class=\"wpcf7-form-control wpcf7-select\" aria-invalid=\"false\" name=\"Privat-Company\"><option value=\"un priv\u00e9\">un priv\u00e9<\/option><option value=\"une soci\u00e9t\u00e9\">une soci\u00e9t\u00e9<\/option><\/select><\/span><\/label>\n<\/p>\n<p><label> Votre email<br \/>\n<span class=\"wpcf7-form-control-wrap\" data-name=\"your-email\"><input size=\"40\" maxlength=\"400\" class=\"wpcf7-form-control wpcf7-email wpcf7-validates-as-required wpcf7-text wpcf7-validates-as-email\" autocomplete=\"email\" aria-required=\"true\" aria-invalid=\"false\" value=\"\" type=\"email\" name=\"your-email\" \/><\/span> <\/label>\n<\/p>\n<p><label> Votre num\u00e9ro unique<br \/>\n<span class=\"wpcf7-form-control-wrap\" data-name=\"SKU\"><input size=\"40\" maxlength=\"400\" class=\"wpcf7-form-control wpcf7-text wpcf7-validates-as-required\" aria-required=\"true\" aria-invalid=\"false\" value=\"\" type=\"text\" name=\"SKU\" \/><\/span><\/label>\n<\/p>\n<p><span class=\"wpcf7-form-control-wrap\" data-name=\"acceptance-956\"><span class=\"wpcf7-form-control wpcf7-acceptance\"><span class=\"wpcf7-list-item\"><label><input type=\"checkbox\" name=\"acceptance-956\" value=\"1\" aria-invalid=\"false\" \/><span class=\"wpcf7-list-item-label\">J'accepte la politique de confidentialit\u00e9<\/span><\/label><\/span><\/span><\/span>\n<\/p>\n<p><span class=\"wpcf7-form-control-wrap\" data-name=\"acceptance-956\"><span class=\"wpcf7-form-control wpcf7-acceptance optional\"><span class=\"wpcf7-list-item\"><label><input type=\"checkbox\" name=\"acceptance-956\" value=\"1\" aria-invalid=\"false\" \/><span class=\"wpcf7-list-item-label\">Je souhaite m'abonner \u00e0 la newsletter Terre Promise<\/span><\/label><\/span><\/span><\/span>\n<\/p>\n<p><input class=\"wpcf7-form-control wpcf7-submit has-spinner\" type=\"submit\" value=\"Envoyer\" \/>\n<\/p><div class=\"wpcf7-response-output\" aria-hidden=\"true\"><\/div>\n<\/form>\n<\/div>\n[\/vc_column][\/vc_row]\n","protected":false},"excerpt":{"rendered":"<p>[vc_row type=\u00a0\u00bbin_container\u00a0\u00bb full_screen_row_position=\u00a0\u00bbmiddle\u00a0\u00bb column_margin=\u00a0\u00bb100px\u00a0\u00bb column_direction=\u00a0\u00bbdefault\u00a0\u00bb column_direction_tablet=\u00a0\u00bbdefault\u00a0\u00bb column_direction_phone=\u00a0\u00bbdefault\u00a0\u00bb scene_position=\u00a0\u00bbcenter\u00a0\u00bb text_color=\u00a0\u00bbdark\u00a0\u00bb text_align=\u00a0\u00bbleft\u00a0\u00bb row_border_radius=\u00a0\u00bbnone\u00a0\u00bb row_border_radius_applies=\u00a0\u00bbbg\u00a0\u00bb overflow=\u00a0\u00bbvisible\u00a0\u00bb overlay_strength=\u00a0\u00bb0.3&Prime; gradient_direction=\u00a0\u00bbleft_to_right\u00a0\u00bb shape_divider_position=\u00a0\u00bbbottom\u00a0\u00bb bg_image_animation=\u00a0\u00bbnone\u00a0\u00bb gradient_type=\u00a0\u00bbdefault\u00a0\u00bb shape_type=\u00a0\u00bb\u00a0\u00bb][vc_column column_padding=\u00a0\u00bbno-extra-padding\u00a0\u00bb column_padding_tablet=\u00a0\u00bbinherit\u00a0\u00bb column_padding_phone=\u00a0\u00bbinherit\u00a0\u00bb column_padding_position=\u00a0\u00bball\u00a0\u00bb column_element_direction_desktop=\u00a0\u00bbdefault\u00a0\u00bb column_element_spacing=\u00a0\u00bb40px\u00a0\u00bb desktop_text_alignment=\u00a0\u00bbdefault\u00a0\u00bb tablet_text_alignment=\u00a0\u00bbdefault\u00a0\u00bb phone_text_alignment=\u00a0\u00bbdefault\u00a0\u00bb background_color_opacity=\u00a0\u00bb1&Prime; background_hover_color_opacity=\u00a0\u00bb1&Prime;&#8230;<\/p>\n","protected":false},"author":1,"featured_media":0,"parent":0,"menu_order":0,"comment_status":"closed","ping_status":"closed","template":"","meta":{"inline_featured_image":false,"footnotes":""},"class_list":["post-29502","page","type-page","status-publish"],"yoast_head":"<!-- This site is optimized with the Yoast SEO plugin v27.0 - https:\/\/yoast.com\/product\/yoast-seo-wordpress\/ -->\n<title>D\u00e9couvrez nos 5 ans Garanties - Terre Promise<\/title>\n<meta name=\"description\" content=\"Nous proposons des cr\u00e9ations durables et sommes fiers de vous offrir une couverture int\u00e9grale durant 5 ans. D\u00e9couvrez toutes nos garanties.\" \/>\n<meta name=\"robots\" content=\"index, follow, max-snippet:-1, max-image-preview:large, max-video-preview:-1\" \/>\n<link rel=\"canonical\" href=\"https:\/\/terrepromise.be\/fr\/garanties\/\" \/>\n<meta property=\"og:locale\" content=\"fr_FR\" \/>\n<meta property=\"og:type\" content=\"article\" \/>\n<meta property=\"og:title\" content=\"D\u00e9couvrez nos 5 ans Garanties - Terre Promise\" \/>\n<meta property=\"og:description\" content=\"Nous proposons des cr\u00e9ations durables et sommes fiers de vous offrir une couverture int\u00e9grale durant 5 ans. D\u00e9couvrez toutes nos garanties.\" \/>\n<meta property=\"og:url\" content=\"https:\/\/terrepromise.be\/fr\/garanties\/\" \/>\n<meta property=\"og:site_name\" content=\"Terre Promise\" \/>\n<meta property=\"article:modified_time\" content=\"2024-04-19T21:21:41+00:00\" \/>\n<meta name=\"twitter:card\" content=\"summary_large_image\" \/>\n<meta name=\"twitter:label1\" content=\"Dur\u00e9e de lecture estim\u00e9e\" \/>\n\t<meta name=\"twitter:data1\" content=\"2 minutes\" \/>\n<script type=\"application\/ld+json\" class=\"yoast-schema-graph\">{\"@context\":\"https:\/\/schema.org\",\"@graph\":[{\"@type\":\"WebPage\",\"@id\":\"https:\/\/terrepromise.be\/fr\/garanties\/\",\"url\":\"https:\/\/terrepromise.be\/fr\/garanties\/\",\"name\":\"D\u00e9couvrez nos 5 ans Garanties - Terre Promise\",\"isPartOf\":{\"@id\":\"https:\/\/terrepromise.be\/#website\"},\"datePublished\":\"2023-11-16T12:45:06+00:00\",\"dateModified\":\"2024-04-19T21:21:41+00:00\",\"description\":\"Nous proposons des cr\u00e9ations durables et sommes fiers de vous offrir une couverture int\u00e9grale durant 5 ans. D\u00e9couvrez toutes nos garanties.\",\"breadcrumb\":{\"@id\":\"https:\/\/terrepromise.be\/fr\/garanties\/#breadcrumb\"},\"inLanguage\":\"fr-FR\",\"potentialAction\":[{\"@type\":\"ReadAction\",\"target\":[\"https:\/\/terrepromise.be\/fr\/garanties\/\"]}]},{\"@type\":\"BreadcrumbList\",\"@id\":\"https:\/\/terrepromise.be\/fr\/garanties\/#breadcrumb\",\"itemListElement\":[{\"@type\":\"ListItem\",\"position\":1,\"name\":\"Home\",\"item\":\"https:\/\/terrepromise.be\/fr\/\"},{\"@type\":\"ListItem\",\"position\":2,\"name\":\"Garanties\"}]},{\"@type\":\"WebSite\",\"@id\":\"https:\/\/terrepromise.be\/#website\",\"url\":\"https:\/\/terrepromise.be\/\",\"name\":\"Terre Promise\",\"description\":\"Our creations awaken the imagination, inspire reverie and invite for a moment of pause by connecting you to nature and its organic materials.\",\"publisher\":{\"@id\":\"https:\/\/terrepromise.be\/#organization\"},\"potentialAction\":[{\"@type\":\"SearchAction\",\"target\":{\"@type\":\"EntryPoint\",\"urlTemplate\":\"https:\/\/terrepromise.be\/?s={search_term_string}\"},\"query-input\":{\"@type\":\"PropertyValueSpecification\",\"valueRequired\":true,\"valueName\":\"search_term_string\"}}],\"inLanguage\":\"fr-FR\"},{\"@type\":\"Organization\",\"@id\":\"https:\/\/terrepromise.be\/#organization\",\"name\":\"Terre Promise\",\"url\":\"https:\/\/terrepromise.be\/\",\"logo\":{\"@type\":\"ImageObject\",\"inLanguage\":\"fr-FR\",\"@id\":\"https:\/\/terrepromise.be\/#\/schema\/logo\/image\/\",\"url\":\"https:\/\/terrepromise.be\/wp-content\/uploads\/2023\/11\/tp.png\",\"contentUrl\":\"https:\/\/terrepromise.be\/wp-content\/uploads\/2023\/11\/tp.png\",\"width\":512,\"height\":364,\"caption\":\"Terre Promise\"},\"image\":{\"@id\":\"https:\/\/terrepromise.be\/#\/schema\/logo\/image\/\"},\"sameAs\":[\"https:\/\/www.instagram.com\/terrepromisecreations\/?hl=fr\"]}]}<\/script>\n<!-- \/ Yoast SEO plugin. -->","yoast_head_json":{"title":"D\u00e9couvrez nos 5 ans Garanties - Terre Promise","description":"Nous proposons des cr\u00e9ations durables et sommes fiers de vous offrir une couverture int\u00e9grale durant 5 ans. D\u00e9couvrez toutes nos garanties.","robots":{"index":"index","follow":"follow","max-snippet":"max-snippet:-1","max-image-preview":"max-image-preview:large","max-video-preview":"max-video-preview:-1"},"canonical":"https:\/\/terrepromise.be\/fr\/garanties\/","og_locale":"fr_FR","og_type":"article","og_title":"D\u00e9couvrez nos 5 ans Garanties - Terre Promise","og_description":"Nous proposons des cr\u00e9ations durables et sommes fiers de vous offrir une couverture int\u00e9grale durant 5 ans. D\u00e9couvrez toutes nos garanties.","og_url":"https:\/\/terrepromise.be\/fr\/garanties\/","og_site_name":"Terre Promise","article_modified_time":"2024-04-19T21:21:41+00:00","twitter_card":"summary_large_image","twitter_misc":{"Dur\u00e9e de lecture estim\u00e9e":"2 minutes"},"schema":{"@context":"https:\/\/schema.org","@graph":[{"@type":"WebPage","@id":"https:\/\/terrepromise.be\/fr\/garanties\/","url":"https:\/\/terrepromise.be\/fr\/garanties\/","name":"D\u00e9couvrez nos 5 ans Garanties - Terre Promise","isPartOf":{"@id":"https:\/\/terrepromise.be\/#website"},"datePublished":"2023-11-16T12:45:06+00:00","dateModified":"2024-04-19T21:21:41+00:00","description":"Nous proposons des cr\u00e9ations durables et sommes fiers de vous offrir une couverture int\u00e9grale durant 5 ans. D\u00e9couvrez toutes nos garanties.","breadcrumb":{"@id":"https:\/\/terrepromise.be\/fr\/garanties\/#breadcrumb"},"inLanguage":"fr-FR","potentialAction":[{"@type":"ReadAction","target":["https:\/\/terrepromise.be\/fr\/garanties\/"]}]},{"@type":"BreadcrumbList","@id":"https:\/\/terrepromise.be\/fr\/garanties\/#breadcrumb","itemListElement":[{"@type":"ListItem","position":1,"name":"Home","item":"https:\/\/terrepromise.be\/fr\/"},{"@type":"ListItem","position":2,"name":"Garanties"}]},{"@type":"WebSite","@id":"https:\/\/terrepromise.be\/#website","url":"https:\/\/terrepromise.be\/","name":"Terre Promise","description":"Our creations awaken the imagination, inspire reverie and invite for a moment of pause by connecting you to nature and its organic materials.","publisher":{"@id":"https:\/\/terrepromise.be\/#organization"},"potentialAction":[{"@type":"SearchAction","target":{"@type":"EntryPoint","urlTemplate":"https:\/\/terrepromise.be\/?s={search_term_string}"},"query-input":{"@type":"PropertyValueSpecification","valueRequired":true,"valueName":"search_term_string"}}],"inLanguage":"fr-FR"},{"@type":"Organization","@id":"https:\/\/terrepromise.be\/#organization","name":"Terre Promise","url":"https:\/\/terrepromise.be\/","logo":{"@type":"ImageObject","inLanguage":"fr-FR","@id":"https:\/\/terrepromise.be\/#\/schema\/logo\/image\/","url":"https:\/\/terrepromise.be\/wp-content\/uploads\/2023\/11\/tp.png","contentUrl":"https:\/\/terrepromise.be\/wp-content\/uploads\/2023\/11\/tp.png","width":512,"height":364,"caption":"Terre Promise"},"image":{"@id":"https:\/\/terrepromise.be\/#\/schema\/logo\/image\/"},"sameAs":["https:\/\/www.instagram.com\/terrepromisecreations\/?hl=fr"]}]}},"_links":{"self":[{"href":"https:\/\/terrepromise.be\/fr\/wp-json\/wp\/v2\/pages\/29502","targetHints":{"allow":["GET"]}}],"collection":[{"href":"https:\/\/terrepromise.be\/fr\/wp-json\/wp\/v2\/pages"}],"about":[{"href":"https:\/\/terrepromise.be\/fr\/wp-json\/wp\/v2\/types\/page"}],"author":[{"embeddable":true,"href":"https:\/\/terrepromise.be\/fr\/wp-json\/wp\/v2\/users\/1"}],"replies":[{"embeddable":true,"href":"https:\/\/terrepromise.be\/fr\/wp-json\/wp\/v2\/comments?post=29502"}],"version-history":[{"count":5,"href":"https:\/\/terrepromise.be\/fr\/wp-json\/wp\/v2\/pages\/29502\/revisions"}],"predecessor-version":[{"id":29725,"href":"https:\/\/terrepromise.be\/fr\/wp-json\/wp\/v2\/pages\/29502\/revisions\/29725"}],"wp:attachment":[{"href":"https:\/\/terrepromise.be\/fr\/wp-json\/wp\/v2\/media?parent=29502"}],"curies":[{"name":"wp","href":"https:\/\/api.w.org\/{rel}","templated":true}]}}