{"id":29496,"date":"2023-11-24T18:45:07","date_gmt":"2023-11-24T17:45:07","guid":{"rendered":"https:\/\/terrepromise.be\/newsletter\/"},"modified":"2023-12-12T14:43:57","modified_gmt":"2023-12-12T13:43:57","slug":"newsletter","status":"publish","type":"page","link":"https:\/\/terrepromise.be\/fr\/newsletter\/","title":{"rendered":"newsletter"},"content":{"rendered":"[vc_row type=\u00a0\u00bbin_container\u00a0\u00bb full_screen_row_position=\u00a0\u00bbmiddle\u00a0\u00bb column_margin=\u00a0\u00bb100px\u00a0\u00bb column_direction=\u00a0\u00bbdefault\u00a0\u00bb column_direction_tablet=\u00a0\u00bbdefault\u00a0\u00bb column_direction_phone=\u00a0\u00bbdefault\u00a0\u00bb scene_position=\u00a0\u00bbcenter\u00a0\u00bb text_color=\u00a0\u00bbdark\u00a0\u00bb text_align=\u00a0\u00bbleft\u00a0\u00bb row_border_radius=\u00a0\u00bbnone\u00a0\u00bb row_border_radius_applies=\u00a0\u00bbbg\u00a0\u00bb overflow=\u00a0\u00bbvisible\u00a0\u00bb overlay_strength=\u00a0\u00bb0.3&Prime; gradient_direction=\u00a0\u00bbleft_to_right\u00a0\u00bb shape_divider_position=\u00a0\u00bbbottom\u00a0\u00bb bg_image_animation=\u00a0\u00bbnone\u00a0\u00bb gradient_type=\u00a0\u00bbdefault\u00a0\u00bb shape_type=\u00a0\u00bb\u00a0\u00bb][vc_column column_padding=\u00a0\u00bbno-extra-padding\u00a0\u00bb column_padding_tablet=\u00a0\u00bbinherit\u00a0\u00bb column_padding_phone=\u00a0\u00bbinherit\u00a0\u00bb column_padding_position=\u00a0\u00bball\u00a0\u00bb column_element_direction_desktop=\u00a0\u00bbdefault\u00a0\u00bb column_element_spacing=\u00a0\u00bb40px\u00a0\u00bb desktop_text_alignment=\u00a0\u00bbdefault\u00a0\u00bb tablet_text_alignment=\u00a0\u00bbdefault\u00a0\u00bb phone_text_alignment=\u00a0\u00bbdefault\u00a0\u00bb background_color_opacity=\u00a0\u00bb1&Prime; background_hover_color_opacity=\u00a0\u00bb1&Prime; column_backdrop_filter=\u00a0\u00bbnone\u00a0\u00bb column_shadow=\u00a0\u00bbnone\u00a0\u00bb column_border_radius=\u00a0\u00bbnone\u00a0\u00bb column_link_target=\u00a0\u00bb_self\u00a0\u00bb column_position=\u00a0\u00bbdefault\u00a0\u00bb gradient_direction=\u00a0\u00bbleft_to_right\u00a0\u00bb overlay_strength=\u00a0\u00bb0.3&Prime; width=\u00a0\u00bb1\/2&Prime; tablet_width_inherit=\u00a0\u00bbdefault\u00a0\u00bb animation_type=\u00a0\u00bbdefault\u00a0\u00bb bg_image_animation=\u00a0\u00bbnone\u00a0\u00bb border_type=\u00a0\u00bbsimple\u00a0\u00bb column_border_width=\u00a0\u00bbnone\u00a0\u00bb column_border_style=\u00a0\u00bbsolid\u00a0\u00bb column_padding_type=\u00a0\u00bbdefault\u00a0\u00bb gradient_type=\u00a0\u00bbdefault\u00a0\u00bb][vc_row_inner column_margin=\u00a0\u00bbdefault\u00a0\u00bb column_direction=\u00a0\u00bbdefault\u00a0\u00bb column_direction_tablet=\u00a0\u00bbdefault\u00a0\u00bb column_direction_phone=\u00a0\u00bbdefault\u00a0\u00bb text_align=\u00a0\u00bbleft\u00a0\u00bb row_position=\u00a0\u00bbdefault\u00a0\u00bb row_position_tablet=\u00a0\u00bbinherit\u00a0\u00bb row_position_phone=\u00a0\u00bbinherit\u00a0\u00bb overflow=\u00a0\u00bbvisible\u00a0\u00bb pointer_events=\u00a0\u00bball\u00a0\u00bb][vc_column_inner column_padding=\u00a0\u00bbno-extra-padding\u00a0\u00bb column_padding_tablet=\u00a0\u00bbinherit\u00a0\u00bb column_padding_phone=\u00a0\u00bbinherit\u00a0\u00bb column_padding_position=\u00a0\u00bball\u00a0\u00bb column_element_direction_desktop=\u00a0\u00bbdefault\u00a0\u00bb column_element_spacing=\u00a0\u00bb5px\u00a0\u00bb desktop_text_alignment=\u00a0\u00bbdefault\u00a0\u00bb tablet_text_alignment=\u00a0\u00bbdefault\u00a0\u00bb phone_text_alignment=\u00a0\u00bbdefault\u00a0\u00bb background_color_opacity=\u00a0\u00bb1&Prime; background_hover_color_opacity=\u00a0\u00bb1&Prime; column_backdrop_filter=\u00a0\u00bbnone\u00a0\u00bb column_shadow=\u00a0\u00bbnone\u00a0\u00bb column_border_radius=\u00a0\u00bbnone\u00a0\u00bb column_link_target=\u00a0\u00bb_self\u00a0\u00bb overflow=\u00a0\u00bbvisible\u00a0\u00bb gradient_direction=\u00a0\u00bbleft_to_right\u00a0\u00bb overlay_strength=\u00a0\u00bb0.3&Prime; width=\u00a0\u00bb1\/1&Prime; tablet_width_inherit=\u00a0\u00bbdefault\u00a0\u00bb animation_type=\u00a0\u00bbdefault\u00a0\u00bb bg_image_animation=\u00a0\u00bbnone\u00a0\u00bb border_type=\u00a0\u00bbsimple\u00a0\u00bb column_border_width=\u00a0\u00bbnone\u00a0\u00bb column_border_style=\u00a0\u00bbsolid\u00a0\u00bb column_padding_type=\u00a0\u00bbdefault\u00a0\u00bb gradient_type=\u00a0\u00bbdefault\u00a0\u00bb][nectar_responsive_text]\n<h2>Newsletter<\/h2>\n<p>Pour acc\u00e9der \u00e0 notre contenu exclusif, et en apprendre sur notre artisanat, nos collaborations, nos inspirations, et \u00eatre inform\u00e9 de notre actualit\u00e9 marquante, enregistrez-vous.[\/nectar_responsive_text][\/vc_column_inner][\/vc_row_inner][\/vc_column][vc_column column_padding=\u00a0\u00bbno-extra-padding\u00a0\u00bb column_padding_tablet=\u00a0\u00bbinherit\u00a0\u00bb column_padding_phone=\u00a0\u00bbinherit\u00a0\u00bb column_padding_position=\u00a0\u00bball\u00a0\u00bb column_element_direction_desktop=\u00a0\u00bbdefault\u00a0\u00bb column_element_spacing=\u00a0\u00bbdefault\u00a0\u00bb desktop_text_alignment=\u00a0\u00bbdefault\u00a0\u00bb tablet_text_alignment=\u00a0\u00bbdefault\u00a0\u00bb phone_text_alignment=\u00a0\u00bbdefault\u00a0\u00bb background_color_opacity=\u00a0\u00bb1&Prime; background_hover_color_opacity=\u00a0\u00bb1&Prime; column_backdrop_filter=\u00a0\u00bbnone\u00a0\u00bb column_shadow=\u00a0\u00bbnone\u00a0\u00bb column_border_radius=\u00a0\u00bbnone\u00a0\u00bb column_link_target=\u00a0\u00bb_self\u00a0\u00bb column_position=\u00a0\u00bbdefault\u00a0\u00bb gradient_direction=\u00a0\u00bbleft_to_right\u00a0\u00bb overlay_strength=\u00a0\u00bb0.3&Prime; width=\u00a0\u00bb1\/2&Prime; tablet_width_inherit=\u00a0\u00bbdefault\u00a0\u00bb animation_type=\u00a0\u00bbdefault\u00a0\u00bb bg_image_animation=\u00a0\u00bbnone\u00a0\u00bb border_type=\u00a0\u00bbsimple\u00a0\u00bb column_border_width=\u00a0\u00bbnone\u00a0\u00bb column_border_style=\u00a0\u00bbsolid\u00a0\u00bb][vc_raw_html]JTNDZGl2JTIwaWQlM0QlMjJtY19lbWJlZF9zaGVsbCUyMiUzRSUwQSUyMCUyMCUyMCUyMCUyMCUyMCUzQ2xpbmslMjBocmVmJTNEJTIyJTJGJTJGY2RuLWltYWdlcy5tYWlsY2hpbXAuY29tJTJGZW1iZWRjb2RlJTJGY2xhc3NpYy0wNjE1MjMuY3NzJTIyJTIwcmVsJTNEJTIyc3R5bGVzaGVldCUyMiUyMHR5cGUlM0QlMjJ0ZXh0JTJGY3NzJTIyJTNFJTBBJTIwJTIwJTNDc3R5bGUlMjB0eXBlJTNEJTIydGV4dCUyRmNzcyUyMiUzRSUwQSUyMCUyMCUyMCUyMCUyMCUyMCUyMCUyMCUyM21jX2VtYmVkX3NpZ251cCU3QmJhY2tncm91bmQlM0ElMjNmZmYlM0IlMjBmYWxzZSUzQmNsZWFyJTNBbGVmdCUzQiUyMGZvbnQlM0ExNHB4JTIwSGVsdmV0aWNhJTJDQXJpYWwlMkNzYW5zLXNlcmlmJTNCJTIwd2lkdGglM0ElMjAxMDAlMjUlM0IlN0QlMEElMjAlMjAlMjAlMjAlMjAlMjAlMjAlMjAlMkYlMkElMjBBZGQlMjB5b3VyJTIwb3duJTIwTWFpbGNoaW1wJTIwZm9ybSUyMHN0eWxlJTIwb3ZlcnJpZGVzJTIwaW4lMjB5b3VyJTIwc2l0ZSUyMHN0eWxlc2hlZXQlMjBvciUyMGluJTIwdGhpcyUyMHN0eWxlJTIwYmxvY2suJTBBJTIwJTIwJTIwJTIwJTIwJTIwJTIwJTIwJTIwJTIwJTIwV2UlMjByZWNvbW1lbmQlMjBtb3ZpbmclMjB0aGlzJTIwYmxvY2slMjBhbmQlMjB0aGUlMjBwcmVjZWRpbmclMjBDU1MlMjBsaW5rJTIwdG8lMjB0aGUlMjBIRUFEJTIwb2YlMjB5b3VyJTIwSFRNTCUyMGZpbGUuJTIwJTJBJTJGJTBBJTNDJTJGc3R5bGUlM0UlM0NzdHlsZSUyMHR5cGUlM0QlMjJ0ZXh0JTJGY3NzJTIyJTNFJTBBJTIwJTIwJTIwJTIwJTIwJTIwJTIwJTIwJTIzbWMtZW1iZWRkZWQtc3Vic2NyaWJlLWZvcm0lMjBpbnB1dCU1QnR5cGUlM0RjaGVja2JveCU1RCU3QmRpc3BsYXklM0ElMjBpbmxpbmUlM0IlMjB3aWR0aCUzQSUyMGF1dG8lM0JtYXJnaW4tcmlnaHQlM0ElMjAxMHB4JTNCJTdEJTBBJTIzbWVyZ2VSb3ctZ2RwciUyMCU3Qm1hcmdpbi10b3AlM0ElMjAyMHB4JTNCJTdEJTBBJTIzbWVyZ2VSb3ctZ2RwciUyMGZpZWxkc2V0JTIwbGFiZWwlMjAlN0Jmb250LXdlaWdodCUzQSUyMG5vcm1hbCUzQiU3RCUwQSUyM21jLWVtYmVkZGVkLXN1YnNjcmliZS1mb3JtJTIwLm1jX2ZpZWxkc2V0JTdCYm9yZGVyJTNBbm9uZSUzQm1pbi1oZWlnaHQlM0ElMjAwcHglM0JwYWRkaW5nLWJvdHRvbSUzQTBweCUzQiU3RCUwQSUzQyUyRnN0eWxlJTNFJTBBJTNDZGl2JTIwaWQlM0QlMjJtY19lbWJlZF9zaWdudXAlMjIlM0UlMEElMjAlMjAlMjAlMjAlM0Nmb3JtJTIwYWN0aW9uJTNEJTIyaHR0cHMlM0ElMkYlMkZ0ZXJyZXByb21pc2UudXMyMS5saXN0LW1hbmFnZS5jb20lMkZzdWJzY3JpYmUlMkZwb3N0JTNGdSUzRGYyNTVlOTAzY2FjNTUyY2ZjMTE1MGQ5OWMlMjZhbXAlM0JpZCUzRDk2NTg1ZjE2MDIlMjZhbXAlM0J2X2lkJTNEMTQ1JTI2YW1wJTNCZl9pZCUzRDAwNDVlNmU2ZjAlMjIlMjBtZXRob2QlM0QlMjJwb3N0JTIyJTIwaWQlM0QlMjJtYy1lbWJlZGRlZC1zdWJzY3JpYmUtZm9ybSUyMiUyMG5hbWUlM0QlMjJtYy1lbWJlZGRlZC1zdWJzY3JpYmUtZm9ybSUyMiUyMGNsYXNzJTNEJTIydmFsaWRhdGUlMjIlMjB0YXJnZXQlM0QlMjJfYmxhbmslMjIlM0UlMEElMjAlMjAlMjAlMjAlMjAlMjAlMjAlMjAlM0NkaXYlMjBpZCUzRCUyMm1jX2VtYmVkX3NpZ251cF9zY3JvbGwlMjIlM0UlM0NoMiUzRVN1YnNjcmliZSUzQyUyRmgyJTNFJTBBJTIwJTIwJTIwJTIwJTIwJTIwJTIwJTIwJTIwJTIwJTIwJTIwJTNDZGl2JTIwY2xhc3MlM0QlMjJpbmRpY2F0ZXMtcmVxdWlyZWQlMjIlM0UlM0NzcGFuJTIwY2xhc3MlM0QlMjJhc3RlcmlzayUyMiUzRSUyQSUzQyUyRnNwYW4lM0UlMjBpbmRpY2F0ZXMlMjByZXF1aXJlZCUzQyUyRmRpdiUzRSUwQSUyMCUyMCUyMCUyMCUyMCUyMCUyMCUyMCUyMCUyMCUyMCUyMCUzQ2RpdiUyMGNsYXNzJTNEJTIybWMtZmllbGQtZ3JvdXAlMjIlM0UlM0NsYWJlbCUyMGZvciUzRCUyMm1jZS1GTkFNRSUyMiUzRUZpcnN0JTIwbmFtZSUyMCUzQyUyRmxhYmVsJTNFJTNDaW5wdXQlMjB0eXBlJTNEJTIydGV4dCUyMiUyMG5hbWUlM0QlMjJGTkFNRSUyMiUyMGNsYXNzJTNEJTIyJTIwdGV4dCUyMiUyMGlkJTNEJTIybWNlLUZOQU1FJTIyJTIwdmFsdWUlM0QlMjIlMjIlM0UlM0MlMkZkaXYlM0UlM0NkaXYlMjBjbGFzcyUzRCUyMm1jLWZpZWxkLWdyb3VwJTIyJTNFJTNDbGFiZWwlMjBmb3IlM0QlMjJtY2UtTE5BTUUlMjIlM0VGYW1pbHklMjBuYW1lJTIwJTNDJTJGbGFiZWwlM0UlM0NpbnB1dCUyMHR5cGUlM0QlMjJ0ZXh0JTIyJTIwbmFtZSUzRCUyMkxOQU1FJTIyJTIwY2xhc3MlM0QlMjIlMjB0ZXh0JTIyJTIwaWQlM0QlMjJtY2UtTE5BTUUlMjIlMjB2YWx1ZSUzRCUyMiUyMiUzRSUzQyUyRmRpdiUzRSUzQ2RpdiUyMGNsYXNzJTNEJTIybWMtZmllbGQtZ3JvdXAlMjIlM0UlM0NsYWJlbCUyMGZvciUzRCUyMm1jZS1FTUFJTCUyMiUzRUUtbWFpbCUyMGFkZHJlc3MlMjAlMkElMjAlM0NzcGFuJTIwY2xhc3MlM0QlMjJhc3RlcmlzayUyMiUzRSUyQSUzQyUyRnNwYW4lM0UlM0MlMkZsYWJlbCUzRSUzQ2lucHV0JTIwdHlwZSUzRCUyMmVtYWlsJTIyJTIwbmFtZSUzRCUyMkVNQUlMJTIyJTIwY2xhc3MlM0QlMjJyZXF1aXJlZCUyMGVtYWlsJTIyJTIwaWQlM0QlMjJtY2UtRU1BSUwlMjIlMjB2YWx1ZSUzRCUyMiUyMiUyMHJlcXVpcmVkJTNEJTIyJTIyJTNFJTNDJTJGZGl2JTNFJTNDZGl2JTIwY2xhc3MlM0QlMjJtYy1maWVsZC1ncm91cCUyMGlucHV0LWdyb3VwJTIyJTNFJTNDc3Ryb25nJTNFSSUyMGFtJTIwYSUyMCUzQyUyRnN0cm9uZyUzRSUzQ3VsJTNFJTNDbGklM0UlM0NpbnB1dCUyMHR5cGUlM0QlMjJyYWRpbyUyMiUyMG5hbWUlM0QlMjJNTUVSR0U1JTIyJTIwaWQlM0QlMjJtY2UtTU1FUkdFNTAlMjIlMjB2YWx1ZSUzRCUyMlByaXZhdGUlMjIlM0UlM0NsYWJlbCUyMGZvciUzRCUyMm1jZS1NTUVSR0U1MCUyMiUzRVByaXZhdGUlM0MlMkZsYWJlbCUzRSUzQyUyRmxpJTNFJTNDbGklM0UlM0NpbnB1dCUyMHR5cGUlM0QlMjJyYWRpbyUyMiUyMG5hbWUlM0QlMjJNTUVSR0U1JTIyJTIwaWQlM0QlMjJtY2UtTU1FUkdFNTElMjIlMjB2YWx1ZSUzRCUyMkNvbXBhbnklMjIlM0UlM0NsYWJlbCUyMGZvciUzRCUyMm1jZS1NTUVSR0U1MSUyMiUzRUNvbXBhbnklM0MlMkZsYWJlbCUzRSUzQyUyRmxpJTNFJTNDJTJGdWwlM0UlM0MlMkZkaXYlM0UlM0NkaXYlMjBjbGFzcyUzRCUyMm1jLWZpZWxkLWdyb3VwJTIwaW5wdXQtZ3JvdXAlMjIlM0UlM0NzdHJvbmclM0VQcmVmZXJlZCUyMGxhbmd1YWdlcyUyMCUzQyUyRnN0cm9uZyUzRSUzQ3VsJTNFJTNDbGklM0UlM0NpbnB1dCUyMHR5cGUlM0QlMjJyYWRpbyUyMiUyMG5hbWUlM0QlMjJNTUVSR0U2JTIyJTIwaWQlM0QlMjJtY2UtTU1FUkdFNjAlMjIlMjB2YWx1ZSUzRCUyMkZyYW4lQzMlQTdhaXMlMjIlM0UlM0NsYWJlbCUyMGZvciUzRCUyMm1jZS1NTUVSR0U2MCUyMiUzRUZyYW4lQzMlQTdhaXMlM0MlMkZsYWJlbCUzRSUzQyUyRmxpJTNFJTNDbGklM0UlM0NpbnB1dCUyMHR5cGUlM0QlMjJyYWRpbyUyMiUyMG5hbWUlM0QlMjJNTUVSR0U2JTIyJTIwaWQlM0QlMjJtY2UtTU1FUkdFNjElMjIlMjB2YWx1ZSUzRCUyMkVuZ2xpc2glMjIlM0UlM0NsYWJlbCUyMGZvciUzRCUyMm1jZS1NTUVSR0U2MSUyMiUzRUVuZ2xpc2glM0MlMkZsYWJlbCUzRSUzQyUyRmxpJTNFJTNDJTJGdWwlM0UlM0MlMkZkaXYlM0UlM0NkaXYlMjBpZCUzRCUyMm1lcmdlUm93LWdkcHIlMjIlMjBjbGFzcyUzRCUyMm1lcmdlUm93JTIwZ2Rwci1tZXJnZVJvdyUyMGNvbnRlbnRfX2dkcHJCbG9jayUyMG1jLWZpZWxkLWdyb3VwJTIyJTNFJTNDZGl2JTIwY2xhc3MlM0QlMjJjb250ZW50X19nZHByJTIyJTNFJTNDbGFiZWwlM0VNYXJrZXRpbmclMjBQZXJtaXNzaW9ucyUzQyUyRmxhYmVsJTNFJTNDcCUzRVBsZWFzZSUyMHNlbGVjdCUyMGFsbCUyMHRoZSUyMHdheXMlMjB5b3UlMjB3b3VsZCUyMGxpa2UlMjB0byUyMGhlYXIlMjBmcm9tJTIwVGVycmUlMjBQcm9taXNlJTNBJTNDJTJGcCUzRSUzQ2ZpZWxkc2V0JTIwY2xhc3MlM0QlMjJtY19maWVsZHNldCUyMGdkcHJSZXF1aXJlZCUyMG1jLWZpZWxkLWdyb3VwJTIyJTIwbmFtZSUzRCUyMmludGVyZXN0Z3JvdXBfZmllbGQlMjIlM0UlM0NsYWJlbCUyMGNsYXNzJTNEJTIyY2hlY2tib3glMjBzdWJmaWVsZCUyMiUyMGZvciUzRCUyMmdkcHIxNTYzJTIyJTNFJTNDaW5wdXQlMjB0eXBlJTNEJTIyY2hlY2tib3glMjIlMjBpZCUzRCUyMmdkcHJfMTU2MyUyMiUyMG5hbWUlM0QlMjJnZHByJTVCMTU2MyU1RCUyMiUyMGNsYXNzJTNEJTIyZ2RwciUyMiUyMHZhbHVlJTNEJTIyWSUyMiUzRSUzQ3NwYW4lM0VFLW1haWwlM0MlMkZzcGFuJTNFJTNDJTJGbGFiZWwlM0UlM0MlMkZmaWVsZHNldCUzRSUzQ3AlM0VZb3UlMjBjYW4lMjB1bnN1YnNjcmliZSUyMGF0JTIwYW55JTIwdGltZSUyMGJ5JTIwY2xpY2tpbmclMjB0aGUlMjBsaW5rJTIwaW4lMjB0aGUlMjBmb290ZXIlMjBvZiUyMG91ciUyMGVtYWlscy4lM0MlMkZwJTNFJTNDJTJGZGl2JTNFJTNDJTJGZGl2JTNFJTBBJTIwJTIwJTIwJTIwJTIwJTIwJTIwJTIwJTNDZGl2JTIwaWQlM0QlMjJtY2UtcmVzcG9uc2VzJTIyJTIwY2xhc3MlM0QlMjJjbGVhciUyMGZvb3QlMjIlM0UlMEElMjAlMjAlMjAlMjAlMjAlMjAlMjAlMjAlMjAlMjAlMjAlMjAlM0NkaXYlMjBjbGFzcyUzRCUyMnJlc3BvbnNlJTIyJTIwaWQlM0QlMjJtY2UtZXJyb3ItcmVzcG9uc2UlMjIlMjBzdHlsZSUzRCUyMmRpc3BsYXklM0ElMjBub25lJTNCJTIyJTNFJTNDJTJGZGl2JTNFJTBBJTIwJTIwJTIwJTIwJTIwJTIwJTIwJTIwJTIwJTIwJTIwJTIwJTNDZGl2JTIwY2xhc3MlM0QlMjJyZXNwb25zZSUyMiUyMGlkJTNEJTIybWNlLXN1Y2Nlc3MtcmVzcG9uc2UlMjIlMjBzdHlsZSUzRCUyMmRpc3BsYXklM0ElMjBub25lJTNCJTIyJTNFJTNDJTJGZGl2JTNFJTBBJTIwJTIwJTIwJTIwJTIwJTIwJTIwJTIwJTNDJTJGZGl2JTNFJTBBJTIwJTIwJTIwJTIwJTNDZGl2JTIwYXJpYS1oaWRkZW4lM0QlMjJ0cnVlJTIyJTIwc3R5bGUlM0QlMjJwb3NpdGlvbiUzQSUyMGFic29sdXRlJTNCJTIwbGVmdCUzQSUyMC01MDAwcHglM0IlMjIlM0UlMEElMjAlMjAlMjAlMjAlMjAlMjAlMjAlMjAlMkYlMkElMjByZWFsJTIwcGVvcGxlJTIwc2hvdWxkJTIwbm90JTIwZmlsbCUyMHRoaXMlMjBpbiUyMGFuZCUyMGV4cGVjdCUyMGdvb2QlMjB0aGluZ3MlMjAtJTIwZG8lMjBub3QlMjByZW1vdmUlMjB0aGlzJTIwb3IlMjByaXNrJTIwZm9ybSUyMGJvdCUyMHNpZ251cHMlMjAlMkElMkYlMEElMjAlMjAlMjAlMjAlMjAlMjAlMjAlMjAlM0NpbnB1dCUyMHR5cGUlM0QlMjJ0ZXh0JTIyJTIwbmFtZSUzRCUyMmJfZjI1NWU5MDNjYWM1NTJjZmMxMTUwZDk5Y185NjU4NWYxNjAyJTIyJTIwdGFiaW5kZXglM0QlMjItMSUyMiUyMHZhbHVlJTNEJTIyJTIyJTNFJTBBJTIwJTIwJTIwJTIwJTNDJTJGZGl2JTNFJTBBJTIwJTIwJTIwJTIwJTIwJTIwJTIwJTIwJTNDZGl2JTIwY2xhc3MlM0QlMjJvcHRpb25hbFBhcmVudCUyMiUzRSUwQSUyMCUyMCUyMCUyMCUyMCUyMCUyMCUyMCUyMCUyMCUyMCUyMCUzQ2RpdiUyMGNsYXNzJTNEJTIyY2xlYXIlMjBmb290JTIyJTNFJTBBJTIwJTIwJTIwJTIwJTIwJTIwJTIwJTIwJTIwJTIwJTIwJTIwJTIwJTIwJTIwJTIwJTNDaW5wdXQlMjB0eXBlJTNEJTIyc3VibWl0JTIyJTIwbmFtZSUzRCUyMnN1YnNjcmliZSUyMiUyMGlkJTNEJTIybWMtZW1iZWRkZWQtc3Vic2NyaWJlJTIyJTIwY2xhc3MlM0QlMjJidXR0b24lMjIlMjB2YWx1ZSUzRCUyMlN1YnNjcmliZSUyMiUzRSUwQSUyMCUyMCUyMCUyMCUyMCUyMCUyMCUyMCUyMCUyMCUyMCUyMCUyMCUyMCUyMCUyMCUzQ3AlMjBzdHlsZSUzRCUyMm1hcmdpbiUzQSUyMDBweCUyMGF1dG8lM0IlMjIlM0UlM0NhJTIwaHJlZiUzRCUyMmh0dHAlM0ElMkYlMkZlZXB1cmwuY29tJTJGaUZlYUg2JTIyJTIwdGl0bGUlM0QlMjJNYWlsY2hpbXAlMjAtJTIwZW1haWwlMjBtYXJrZXRpbmclMjBtYWRlJTIwZWFzeSUyMGFuZCUyMGZ1biUyMiUzRSUzQ3NwYW4lMjBzdHlsZSUzRCUyMmRpc3BsYXklM0ElMjBpbmxpbmUtYmxvY2slM0IlMjBiYWNrZ3JvdW5kLWNvbG9yJTNBJTIwdHJhbnNwYXJlbnQlM0IlMjBib3JkZXItcmFkaXVzJTNBJTIwNHB4JTNCJTIyJTNFJTNDaW1nJTIwY2xhc3MlM0QlMjJyZWZmZXJhbF9iYWRnZSUyMiUyMHNyYyUzRCUyMmh0dHBzJTNBJTJGJTJGZGlnaXRhbGFzc2V0LmludHVpdC5jb20lMkZyZW5kZXIlMkZjb250ZW50JTJGZGFtJTJGaW50dWl0JTJGbWMtZmUlMkZlbl91cyUyRmltYWdlcyUyRmludHVpdC1tYy1yZXdhcmRzLXRleHQtZGFyay5zdmclMjIlMjBhbHQlM0QlMjJJbnR1aXQlMjBNYWlsY2hpbXAlMjIlMjBzdHlsZSUzRCUyMndpZHRoJTNBJTIwMjIwcHglM0IlMjBoZWlnaHQlM0ElMjA0MHB4JTNCJTIwZGlzcGxheSUzQSUyMGZsZXglM0IlMjBwYWRkaW5nJTNBJTIwMnB4JTIwMHB4JTNCJTIwanVzdGlmeS1jb250ZW50JTNBJTIwY2VudGVyJTNCJTIwYWxpZ24taXRlbXMlM0ElMjBjZW50ZXIlM0IlMjIlM0UlM0MlMkZzcGFuJTNFJTNDJTJGYSUzRSUzQyUyRnAlM0UlMEElMjAlMjAlMjAlMjAlMjAlMjAlMjAlMjAlMjAlMjAlMjAlMjAlM0MlMkZkaXYlM0UlMEElMjAlMjAlMjAlMjAlMjAlMjAlMjAlMjAlM0MlMkZkaXYlM0UlMEElMjAlMjAlMjAlMjAlM0MlMkZkaXYlM0UlMEElM0MlMkZmb3JtJTNFJTBBJTNDJTJGZGl2JTNFJTBBJTNDc2NyaXB0JTIwdHlwZSUzRCUyMnRleHQlMkZqYXZhc2NyaXB0JTIyJTIwc3JjJTNEJTIyJTJGJTJGczMuYW1hem9uYXdzLmNvbSUyRmRvd25sb2Fkcy5tYWlsY2hpbXAuY29tJTJGanMlMkZtYy12YWxpZGF0ZS5qcyUyMiUzRSUzQyUyRnNjcmlwdCUzRSUzQ3NjcmlwdCUyMHR5cGUlM0QlMjJ0ZXh0JTJGamF2YXNjcmlwdCUyMiUzRSUyOGZ1bmN0aW9uJTI4JTI0JTI5JTIwJTdCd2luZG93LmZuYW1lcyUyMCUzRCUyMG5ldyUyMEFycmF5JTI4JTI5JTNCJTIwd2luZG93LmZ0eXBlcyUyMCUzRCUyMG5ldyUyMEFycmF5JTI4JTI5JTNCZm5hbWVzJTVCMSU1RCUzRCUyN0ZOQU1FJTI3JTNCZnR5cGVzJTVCMSU1RCUzRCUyN3RleHQlMjclM0JmbmFtZXMlNUIyJTVEJTNEJTI3TE5BTUUlMjclM0JmdHlwZXMlNUIyJTVEJTNEJTI3dGV4dCUyNyUzQmZuYW1lcyU1QjAlNUQlM0QlMjdFTUFJTCUyNyUzQmZ0eXBlcyU1QjAlNUQlM0QlMjdlbWFpbCUyNyUzQmZuYW1lcyU1QjUlNUQlM0QlMjdNTUVSR0U1JTI3JTNCZnR5cGVzJTVCNSU1RCUzRCUyN3JhZGlvJTI3JTNCZm5hbWVzJTVCNiU1RCUzRCUyN01NRVJHRTYlMjclM0JmdHlwZXMlNUI2JTVEJTNEJTI3cmFkaW8lMjclM0JmbmFtZXMlNUIzJTVEJTNEJTI3QUREUkVTUyUyNyUzQmZ0eXBlcyU1QjMlNUQlM0QlMjdhZGRyZXNzJTI3JTNCZm5hbWVzJTVCNCU1RCUzRCUyN1BIT05FJTI3JTNCZnR5cGVzJTVCNCU1RCUzRCUyN3Bob25lJTI3JTNCJTdEJTI4alF1ZXJ5JTI5JTI5JTNCdmFyJTIwJTI0bWNqJTIwJTNEJTIwalF1ZXJ5Lm5vQ29uZmxpY3QlMjh0cnVlJTI5JTNCJTNDJTJGc2NyaXB0JTNFJTNDJTJGZGl2JTNFJTBB[\/vc_raw_html][\/vc_column][\/vc_row]\n","protected":false},"excerpt":{"rendered":"<p>[vc_row type=\u00a0\u00bbin_container\u00a0\u00bb full_screen_row_position=\u00a0\u00bbmiddle\u00a0\u00bb column_margin=\u00a0\u00bb100px\u00a0\u00bb column_direction=\u00a0\u00bbdefault\u00a0\u00bb column_direction_tablet=\u00a0\u00bbdefault\u00a0\u00bb column_direction_phone=\u00a0\u00bbdefault\u00a0\u00bb scene_position=\u00a0\u00bbcenter\u00a0\u00bb text_color=\u00a0\u00bbdark\u00a0\u00bb text_align=\u00a0\u00bbleft\u00a0\u00bb row_border_radius=\u00a0\u00bbnone\u00a0\u00bb row_border_radius_applies=\u00a0\u00bbbg\u00a0\u00bb overflow=\u00a0\u00bbvisible\u00a0\u00bb overlay_strength=\u00a0\u00bb0.3&Prime; gradient_direction=\u00a0\u00bbleft_to_right\u00a0\u00bb shape_divider_position=\u00a0\u00bbbottom\u00a0\u00bb bg_image_animation=\u00a0\u00bbnone\u00a0\u00bb gradient_type=\u00a0\u00bbdefault\u00a0\u00bb shape_type=\u00a0\u00bb\u00a0\u00bb][vc_column column_padding=\u00a0\u00bbno-extra-padding\u00a0\u00bb column_padding_tablet=\u00a0\u00bbinherit\u00a0\u00bb column_padding_phone=\u00a0\u00bbinherit\u00a0\u00bb column_padding_position=\u00a0\u00bball\u00a0\u00bb column_element_direction_desktop=\u00a0\u00bbdefault\u00a0\u00bb column_element_spacing=\u00a0\u00bb40px\u00a0\u00bb desktop_text_alignment=\u00a0\u00bbdefault\u00a0\u00bb tablet_text_alignment=\u00a0\u00bbdefault\u00a0\u00bb phone_text_alignment=\u00a0\u00bbdefault\u00a0\u00bb background_color_opacity=\u00a0\u00bb1&Prime; background_hover_color_opacity=\u00a0\u00bb1&Prime;&#8230;<\/p>\n","protected":false},"author":1,"featured_media":0,"parent":0,"menu_order":0,"comment_status":"closed","ping_status":"closed","template":"","meta":{"inline_featured_image":false,"footnotes":""},"class_list":["post-29496","page","type-page","status-publish"],"yoast_head":"<!-- This site is optimized with the Yoast SEO plugin v27.0 - https:\/\/yoast.com\/product\/yoast-seo-wordpress\/ -->\n<title>newsletter - Terre Promise<\/title>\n<meta name=\"robots\" content=\"index, follow, max-snippet:-1, max-image-preview:large, max-video-preview:-1\" \/>\n<link rel=\"canonical\" href=\"https:\/\/terrepromise.be\/fr\/newsletter\/\" \/>\n<meta property=\"og:locale\" content=\"fr_FR\" \/>\n<meta property=\"og:type\" content=\"article\" \/>\n<meta property=\"og:title\" content=\"newsletter - Terre Promise\" \/>\n<meta property=\"og:description\" content=\"[vc_row type=\u00a0\u00bbin_container\u00a0\u00bb full_screen_row_position=\u00a0\u00bbmiddle\u00a0\u00bb column_margin=\u00a0\u00bb100px\u00a0\u00bb column_direction=\u00a0\u00bbdefault\u00a0\u00bb column_direction_tablet=\u00a0\u00bbdefault\u00a0\u00bb column_direction_phone=\u00a0\u00bbdefault\u00a0\u00bb scene_position=\u00a0\u00bbcenter\u00a0\u00bb text_color=\u00a0\u00bbdark\u00a0\u00bb text_align=\u00a0\u00bbleft\u00a0\u00bb row_border_radius=\u00a0\u00bbnone\u00a0\u00bb row_border_radius_applies=\u00a0\u00bbbg\u00a0\u00bb overflow=\u00a0\u00bbvisible\u00a0\u00bb overlay_strength=\u00a0\u00bb0.3&Prime; gradient_direction=\u00a0\u00bbleft_to_right\u00a0\u00bb shape_divider_position=\u00a0\u00bbbottom\u00a0\u00bb bg_image_animation=\u00a0\u00bbnone\u00a0\u00bb gradient_type=\u00a0\u00bbdefault\u00a0\u00bb shape_type=\u00a0\u00bb\u00a0\u00bb][vc_column column_padding=\u00a0\u00bbno-extra-padding\u00a0\u00bb column_padding_tablet=\u00a0\u00bbinherit\u00a0\u00bb column_padding_phone=\u00a0\u00bbinherit\u00a0\u00bb column_padding_position=\u00a0\u00bball\u00a0\u00bb column_element_direction_desktop=\u00a0\u00bbdefault\u00a0\u00bb column_element_spacing=\u00a0\u00bb40px\u00a0\u00bb desktop_text_alignment=\u00a0\u00bbdefault\u00a0\u00bb tablet_text_alignment=\u00a0\u00bbdefault\u00a0\u00bb phone_text_alignment=\u00a0\u00bbdefault\u00a0\u00bb background_color_opacity=\u00a0\u00bb1&Prime; background_hover_color_opacity=\u00a0\u00bb1&Prime;...\" \/>\n<meta property=\"og:url\" content=\"https:\/\/terrepromise.be\/fr\/newsletter\/\" \/>\n<meta property=\"og:site_name\" content=\"Terre Promise\" \/>\n<meta property=\"article:modified_time\" content=\"2023-12-12T13:43:57+00:00\" \/>\n<meta name=\"twitter:card\" content=\"summary_large_image\" \/>\n<meta name=\"twitter:label1\" content=\"Dur\u00e9e de lecture estim\u00e9e\" \/>\n\t<meta name=\"twitter:data1\" content=\"1 minute\" \/>\n<script type=\"application\/ld+json\" class=\"yoast-schema-graph\">{\"@context\":\"https:\/\/schema.org\",\"@graph\":[{\"@type\":\"WebPage\",\"@id\":\"https:\/\/terrepromise.be\/fr\/newsletter\/\",\"url\":\"https:\/\/terrepromise.be\/fr\/newsletter\/\",\"name\":\"newsletter - Terre Promise\",\"isPartOf\":{\"@id\":\"https:\/\/terrepromise.be\/#website\"},\"datePublished\":\"2023-11-24T17:45:07+00:00\",\"dateModified\":\"2023-12-12T13:43:57+00:00\",\"breadcrumb\":{\"@id\":\"https:\/\/terrepromise.be\/fr\/newsletter\/#breadcrumb\"},\"inLanguage\":\"fr-FR\",\"potentialAction\":[{\"@type\":\"ReadAction\",\"target\":[\"https:\/\/terrepromise.be\/fr\/newsletter\/\"]}]},{\"@type\":\"BreadcrumbList\",\"@id\":\"https:\/\/terrepromise.be\/fr\/newsletter\/#breadcrumb\",\"itemListElement\":[{\"@type\":\"ListItem\",\"position\":1,\"name\":\"Home\",\"item\":\"https:\/\/terrepromise.be\/fr\/\"},{\"@type\":\"ListItem\",\"position\":2,\"name\":\"newsletter\"}]},{\"@type\":\"WebSite\",\"@id\":\"https:\/\/terrepromise.be\/#website\",\"url\":\"https:\/\/terrepromise.be\/\",\"name\":\"Terre Promise\",\"description\":\"Our creations awaken the imagination, inspire reverie and invite for a moment of pause by connecting you to nature and its organic materials.\",\"publisher\":{\"@id\":\"https:\/\/terrepromise.be\/#organization\"},\"potentialAction\":[{\"@type\":\"SearchAction\",\"target\":{\"@type\":\"EntryPoint\",\"urlTemplate\":\"https:\/\/terrepromise.be\/?s={search_term_string}\"},\"query-input\":{\"@type\":\"PropertyValueSpecification\",\"valueRequired\":true,\"valueName\":\"search_term_string\"}}],\"inLanguage\":\"fr-FR\"},{\"@type\":\"Organization\",\"@id\":\"https:\/\/terrepromise.be\/#organization\",\"name\":\"Terre Promise\",\"url\":\"https:\/\/terrepromise.be\/\",\"logo\":{\"@type\":\"ImageObject\",\"inLanguage\":\"fr-FR\",\"@id\":\"https:\/\/terrepromise.be\/#\/schema\/logo\/image\/\",\"url\":\"https:\/\/terrepromise.be\/wp-content\/uploads\/2023\/11\/tp.png\",\"contentUrl\":\"https:\/\/terrepromise.be\/wp-content\/uploads\/2023\/11\/tp.png\",\"width\":512,\"height\":364,\"caption\":\"Terre Promise\"},\"image\":{\"@id\":\"https:\/\/terrepromise.be\/#\/schema\/logo\/image\/\"},\"sameAs\":[\"https:\/\/www.instagram.com\/terrepromisecreations\/?hl=fr\"]}]}<\/script>\n<!-- \/ Yoast SEO plugin. -->","yoast_head_json":{"title":"newsletter - Terre Promise","robots":{"index":"index","follow":"follow","max-snippet":"max-snippet:-1","max-image-preview":"max-image-preview:large","max-video-preview":"max-video-preview:-1"},"canonical":"https:\/\/terrepromise.be\/fr\/newsletter\/","og_locale":"fr_FR","og_type":"article","og_title":"newsletter - Terre Promise","og_description":"[vc_row type=\u00a0\u00bbin_container\u00a0\u00bb full_screen_row_position=\u00a0\u00bbmiddle\u00a0\u00bb column_margin=\u00a0\u00bb100px\u00a0\u00bb column_direction=\u00a0\u00bbdefault\u00a0\u00bb column_direction_tablet=\u00a0\u00bbdefault\u00a0\u00bb column_direction_phone=\u00a0\u00bbdefault\u00a0\u00bb scene_position=\u00a0\u00bbcenter\u00a0\u00bb text_color=\u00a0\u00bbdark\u00a0\u00bb text_align=\u00a0\u00bbleft\u00a0\u00bb row_border_radius=\u00a0\u00bbnone\u00a0\u00bb row_border_radius_applies=\u00a0\u00bbbg\u00a0\u00bb overflow=\u00a0\u00bbvisible\u00a0\u00bb overlay_strength=\u00a0\u00bb0.3&Prime; gradient_direction=\u00a0\u00bbleft_to_right\u00a0\u00bb shape_divider_position=\u00a0\u00bbbottom\u00a0\u00bb bg_image_animation=\u00a0\u00bbnone\u00a0\u00bb gradient_type=\u00a0\u00bbdefault\u00a0\u00bb shape_type=\u00a0\u00bb\u00a0\u00bb][vc_column column_padding=\u00a0\u00bbno-extra-padding\u00a0\u00bb column_padding_tablet=\u00a0\u00bbinherit\u00a0\u00bb column_padding_phone=\u00a0\u00bbinherit\u00a0\u00bb column_padding_position=\u00a0\u00bball\u00a0\u00bb column_element_direction_desktop=\u00a0\u00bbdefault\u00a0\u00bb column_element_spacing=\u00a0\u00bb40px\u00a0\u00bb desktop_text_alignment=\u00a0\u00bbdefault\u00a0\u00bb tablet_text_alignment=\u00a0\u00bbdefault\u00a0\u00bb phone_text_alignment=\u00a0\u00bbdefault\u00a0\u00bb background_color_opacity=\u00a0\u00bb1&Prime; background_hover_color_opacity=\u00a0\u00bb1&Prime;...","og_url":"https:\/\/terrepromise.be\/fr\/newsletter\/","og_site_name":"Terre Promise","article_modified_time":"2023-12-12T13:43:57+00:00","twitter_card":"summary_large_image","twitter_misc":{"Dur\u00e9e de lecture estim\u00e9e":"1 minute"},"schema":{"@context":"https:\/\/schema.org","@graph":[{"@type":"WebPage","@id":"https:\/\/terrepromise.be\/fr\/newsletter\/","url":"https:\/\/terrepromise.be\/fr\/newsletter\/","name":"newsletter - Terre Promise","isPartOf":{"@id":"https:\/\/terrepromise.be\/#website"},"datePublished":"2023-11-24T17:45:07+00:00","dateModified":"2023-12-12T13:43:57+00:00","breadcrumb":{"@id":"https:\/\/terrepromise.be\/fr\/newsletter\/#breadcrumb"},"inLanguage":"fr-FR","potentialAction":[{"@type":"ReadAction","target":["https:\/\/terrepromise.be\/fr\/newsletter\/"]}]},{"@type":"BreadcrumbList","@id":"https:\/\/terrepromise.be\/fr\/newsletter\/#breadcrumb","itemListElement":[{"@type":"ListItem","position":1,"name":"Home","item":"https:\/\/terrepromise.be\/fr\/"},{"@type":"ListItem","position":2,"name":"newsletter"}]},{"@type":"WebSite","@id":"https:\/\/terrepromise.be\/#website","url":"https:\/\/terrepromise.be\/","name":"Terre Promise","description":"Our creations awaken the imagination, inspire reverie and invite for a moment of pause by connecting you to nature and its organic materials.","publisher":{"@id":"https:\/\/terrepromise.be\/#organization"},"potentialAction":[{"@type":"SearchAction","target":{"@type":"EntryPoint","urlTemplate":"https:\/\/terrepromise.be\/?s={search_term_string}"},"query-input":{"@type":"PropertyValueSpecification","valueRequired":true,"valueName":"search_term_string"}}],"inLanguage":"fr-FR"},{"@type":"Organization","@id":"https:\/\/terrepromise.be\/#organization","name":"Terre Promise","url":"https:\/\/terrepromise.be\/","logo":{"@type":"ImageObject","inLanguage":"fr-FR","@id":"https:\/\/terrepromise.be\/#\/schema\/logo\/image\/","url":"https:\/\/terrepromise.be\/wp-content\/uploads\/2023\/11\/tp.png","contentUrl":"https:\/\/terrepromise.be\/wp-content\/uploads\/2023\/11\/tp.png","width":512,"height":364,"caption":"Terre Promise"},"image":{"@id":"https:\/\/terrepromise.be\/#\/schema\/logo\/image\/"},"sameAs":["https:\/\/www.instagram.com\/terrepromisecreations\/?hl=fr"]}]}},"_links":{"self":[{"href":"https:\/\/terrepromise.be\/fr\/wp-json\/wp\/v2\/pages\/29496","targetHints":{"allow":["GET"]}}],"collection":[{"href":"https:\/\/terrepromise.be\/fr\/wp-json\/wp\/v2\/pages"}],"about":[{"href":"https:\/\/terrepromise.be\/fr\/wp-json\/wp\/v2\/types\/page"}],"author":[{"embeddable":true,"href":"https:\/\/terrepromise.be\/fr\/wp-json\/wp\/v2\/users\/1"}],"replies":[{"embeddable":true,"href":"https:\/\/terrepromise.be\/fr\/wp-json\/wp\/v2\/comments?post=29496"}],"version-history":[{"count":4,"href":"https:\/\/terrepromise.be\/fr\/wp-json\/wp\/v2\/pages\/29496\/revisions"}],"predecessor-version":[{"id":29619,"href":"https:\/\/terrepromise.be\/fr\/wp-json\/wp\/v2\/pages\/29496\/revisions\/29619"}],"wp:attachment":[{"href":"https:\/\/terrepromise.be\/fr\/wp-json\/wp\/v2\/media?parent=29496"}],"curies":[{"name":"wp","href":"https:\/\/api.w.org\/{rel}","templated":true}]}}